
{"id":336,"date":"2024-04-20T10:03:19","date_gmt":"2024-04-20T08:03:19","guid":{"rendered":"https:\/\/www.seiltanz-nfe.de\/?page_id=336"},"modified":"2024-11-09T14:32:07","modified_gmt":"2024-11-09T13:32:07","slug":"wohnprojekt-seiltanz","status":"publish","type":"page","link":"https:\/\/www.seiltanz-nfe.de\/index.php\/wohnprojekt-seiltanz\/","title":{"rendered":"Wohnprojekt Seiltanz"},"content":{"rendered":"\n<p class=\"has-large-font-size\">Inklusives Wohnen in N\u00fcrnber\/F\u00fcrth\/Erlangen<\/p>\n\n\n\n<p class=\"has-medium-font-size\">Grundpfeiler unserer Projekte sind die Werte, die unser Acronym darstellt!<\/p>\n\n\n\n<h1 class=\"wp-block-heading has-medium-font-size\">Grundidee<\/h1>\n\n\n\n<p>Unser Ziel ist es, inklusiven Wohnraum f\u00fcr eine Gruppe von Menschen mit &nbsp;Behinderungen, unabh\u00e4ngig von deren Komplexit\u00e4t, zu schaffen. Dabei steht die Inklusion im Vordergrund, sodass Menschen mit und ohne Einschr\u00e4nkung zusammen wohnen, sich begegnen und sich gegenseitig unterst\u00fctzen k\u00f6nnen.<\/p>\n\n\n\n<p>Bewohner mit Einschr\u00e4nkungen erhalten Assistenz, die \u00fcber ein jeweils eigenes pers\u00f6nliches Budget finanziert wird. Dadurch ist die Assistenz jeweils genau abgestimmt und erm\u00f6glicht ein selbstbestimmtes Leben. Bewohner ohne Einschr\u00e4nkung wohnen zu einer g\u00fcnstigeren Miete und \u00fcbernehmen gewisse, festgelegte Pflichten im Haus. Dies k\u00f6nnen hauswirtschaftliche T\u00e4tigkeiten bis hin zu gemeinschaftlichen Freizeitaktivit\u00e4ten sein.<\/p>\n\n\n\n<p>Als leuchtendes Beispiel dient uns inklusiv wohnen K\u00f6ln e.V. (<a href=\"http:\/\/www.inklusiv-wohnen-koeln.de\">www.inklusiv-wohnen-koeln.de<\/a>). Das Haus besteht aus 4 Etagen: Im Erdgeschoss sind Gemeinschaftsr\u00e4ume und B\u00fcror\u00e4ume, im ersten und zweiten Stock jeweils eine eigenst\u00e4ndige inklusive Wohngemeinschaft, bestehend aus 6 Bewohnern mit Einschr\u00e4nkung und 6 Bewohnern mit geringerer Miete. Ganz oben gibt es weitere Wohnungen zur allgemeinen Vermietung. Diese Wohnungen k\u00f6nnen unter anderem an Angeh\u00f6rige vermietet werden, so dass jederzeit ein naher Kontakt m\u00f6glich ist.<\/p>\n\n\n\n<p>Unser Wohnprojekt sollte ebenfalls m\u00f6glichst in einem gewachsenen Wohnviertel mit guter Infrastruktur verortet sein. Dadurch soll die Teilhabe am sozialen Leben und die Versorgung sichergestellt werden. Au\u00dferdem w\u00e4re ein fu\u00dfl\u00e4ufig zu erreichendes Naherholungsgebiet sowie eine gute Anbindung an den \u00f6ffentlichen Nahverkehr w\u00fcnschenswert.<\/p>\n\n\n\n<h1 class=\"wp-block-heading has-medium-font-size\">Wer wir sind<\/h1>\n\n\n\n<p>Wir sind Eltern einer jungen erwachsenen Tochter mit Rett \u2013 Syndrom. Dieses Syndrom stellt eine komplexe Behinderung dar. Sie ist auf Hilfe angewiesen und sitzt im Rollstuhl. Sie kommuniziert mit einem komplexen Sprachausgabeger\u00e4t und ben\u00f6tigt diesbez\u00fcglich Assistenz.<\/p>\n\n\n\n<p>Nachdem unsere Tochter die Schule beendet hatte, haben wir mit ihr zusammen die Tagesstruktur selbst organisiert; Werkst\u00e4tten stellen f\u00fcr unsere Tochter keinen geeigneten Arbeitsort dar. Jetzt besucht sie an drei Vormittagen in der Woche eine F\u00f6rderst\u00e4tte mit ihrer eigenen Assistenz. An den anderen Tagen besucht sie die VHS oder engagiert sich bei einem Ehrenamt in einer Klinik.<\/p>\n\n\n\n<p>Seit Marlenes Schulende denken wir auch \u00fcber das zuk\u00fcnftige Wohnen unserer Tochter nach. Sie soll, genau wie jeder andere auch, in eine eigene geeignete Wohnung ziehen k\u00f6nnen. Die Wohnheime in unserer Region haben uns mehr abgeschreckt als begeistert. Au\u00dferdem sind die Wartezeiten sehr lang, die Aufnahmebedingungen inakzeptabel und die Betreuungsschl\u00fcssel katastrophal.<\/p>\n\n\n\n<p>Angeregt durch viele Gespr\u00e4che haben wir uns nach Alternativen umgesehen und dabei viele Wohnprojekte entdeckt. Leider sind die wenigsten Wohnprojekte auch f\u00fcr Menschen mit komplexen Behinderungen geeignet. Deshalb haben wir uns entschieden, ein eigenes Projekt anzugehen. Als Beispiel dient wieder das oben bereits erw\u00e4hnte Projekt aus K\u00f6ln.<\/p>\n\n\n\n<h1 class=\"wp-block-heading has-medium-font-size\">Ort\/Region<\/h1>\n\n\n\n<p>Unser Projekt sollte in einem Vorort oder stadtnah verwirklicht werden. Da wir als Eltern in engem Kontakt mit unserer Tochter bleiben werden und auch davon ausgehen, dass wir immer wieder bei oragnisatorischen Fragen Ansprechpartner bleiben, ist es uns wichtig, dass das Wohnprojekt im Nahraum N\u00fcrnberg\/F\u00fcrth\/Erlangen umgesetzt wird, damit wir bei Bedarf schnell vor Ort sein k\u00f6nnen.<\/p>\n\n\n\n<h1 class=\"wp-block-heading has-medium-font-size\">Grundst\u00fcck\/Immobilie\/Wohnung<\/h1>\n\n\n\n<p>Wir sind auf der Suche nach geeigneten Grundst\u00fccken oder Wohnungen\/Wohnh\u00e4usern.<\/p>\n\n\n\n<h1 class=\"wp-block-heading has-medium-font-size\">Bewohner und Zusammenleben<\/h1>\n\n\n\n<p>Wir haben die Vorstellung, dass jeder Bewohner\/jede Bewohnerin eigenes Apartment hat, mit Badezimmer und Kochnische\/-zeile. Jede Person soll selbstbestimmt in den \u201eeigenen\u201c 4 W\u00e4nden leben und sich zur\u00fcckziehen k\u00f6nnen. Um volle Privatsph\u00e4re zu gew\u00e4hrleisten, hat jedes Apartment ein eigenes Bad, das nach den jeweiligen Bedarfen ausgebaut ist.<\/p>\n\n\n\n<p>Personen mit Behinderung und ohne Behinderung sollen sich zahlenm\u00e4\u00dfig die Waage halten. Beide Bewohnergruppen sollen gemeinsam das Wohnen gestalten und sinnstiftende Kontakte entwickeln. Insbesondere sollen gemeinsame Veranstaltungen und Aktivit\u00e4ten gestaltet werden. Jeder Bewohner\/jede Bewohnerin kann sich daran beteiligen oder sich zur\u00fcckziehen, je nach Tagesform und Bed\u00fcrfnis.<\/p>\n\n\n\n<h1 class=\"wp-block-heading has-medium-font-size\">Assistenz und Pflege<\/h1>\n\n\n\n<p>Personen, die Assistenz ben\u00f6tigen, k\u00f6nnen sich diese Unterst\u00fctzung\/Assistenzkr\u00e4fte selbst aussuchen. Oberstes Ziel ist ein gutes Verh\u00e4ltnis zwischen Assistenz und Bewohner\/Bewohnerin. Gelingt dies nicht, steht das Bed\u00fcrfnis der Person mit Assietnzbedraf im Vordergrund, und die Assistenzkr\u00e4fte kann selbstverst\u00e4ndlich gewechselnt werden. Dieser Aspekt ist besonders wichtig, damit die Person mit Assistenzbedarf immer in ihrem bevorzugten Wohnbereich bleiben kann.<\/p>\n\n\n\n<p>Es ist zu \u00fcberlegen, selbst einen Assistenzdienst als Leistungserbringer zu gr\u00fcnden. Es besteht die M\u00f6glichkeit, die \u201emitgebrachten\u201c Assistenzkr\u00e4fte anzustellen. So stehen dem Bewohner\/eine Bewohnerin \u201epers\u00f6nliche\/individuelle\u201c Assistenten zur Verf\u00fcgung . Bei Krankheit\/Urlaub oder sonstigem Ausfall ist aber f\u00fcr Ersatz\/Springer gesorgt.<\/p>\n\n\n\n<p>In gewissen Zeitr\u00e4umen sollen Supervisionsgespr\u00e4che unter den Assistenten durchgef\u00fchrt werden. Diese werden von einem Profi geleitet und sollen verhindern, dass Missgunst und Unbill zwischen den Mitarbeitern entstehen.<\/p>\n\n\n\n<p>Die Assistenten sollen gem\u00e4\u00df ihren Funktionen fortgebildet und geschult werden.<\/p>\n\n\n\n<h1 class=\"wp-block-heading has-medium-font-size\">Finanzierung<\/h1>\n\n\n\n<p>F\u00fcr die Finanzierung eines Neubaus oder eines Umbaus\/Renovierung m\u00fcssen Gespr\u00e4che mit den jeweiligen St\u00e4dten\/Kommunen gef\u00fchrt werden, um F\u00f6rderungsm\u00f6glichkeiten zu besprechen.  Es ist zu kl\u00e4ren, ob Eigenmittel eingesetzt werden m\u00fcssen und ob Spenden\/Zusch\u00fcsse akquiriert werden k\u00f6nnen. Zu \u00fcberlegen ist die Gr\u00fcndung einer Genossenschaft als Bautr\u00e4ger.<\/p>\n\n\n\n<p>Die Finanzierung der Assistenz und Pflege soll \u00fcber das pers\u00f6nliche Budget erfolgen. Dies muss jeder Bewohner, der Assistenz und\/oder Pflege ben\u00f6tigt, selbst beantragen und durchsetzen. Die Erfahrung hat gezeigt, dass sehr oft Gerichtsverfahren vonn\u00f6ten sind, um die Finanzierung einer ad\u00e4quaten Assistenz und Pflege zu bekommen. Der Zeitrahmen f\u00fcr diese Verfahren sind nicht unerheblich (oft ein Jahr und l\u00e4nger) und ist zu ber\u00fccksichtigen.<\/p>\n\n\n\n<h1 class=\"wp-block-heading has-medium-font-size\">Zeitrahmen<\/h1>\n\n\n\n<p>Als Zeitrahmen sehen wir bis zu 5 Jahre als realistisch an. In dieser sind unter anderem folgende Dinge festzulegen:<\/p>\n\n\n\n<ul class=\"wp-block-list\">\n<li>Umbau-\/Renovierungsplan<\/li>\n\n\n\n<li>Bauma\u00dfnahmen<\/li>\n\n\n\n<li>Finanzierung der Assistenz\/Pflege, Durchsetzung pers. Budget<\/li>\n\n\n\n<li>Ggf. Gr\u00fcndung eines Vereins\/Genossenschaft<\/li>\n\n\n\n<li>Ggf. Gr\u00fcndung eines Assistenz-Dienstleisters<\/li>\n<\/ul>\n\n\n\n<h1 class=\"wp-block-heading\">Seien Sie dabei!<\/h1>\n\n\n\n<p>Infos und Fragen an <a href=\"mailto:Info@seiltanz-nfe.de\">Info@seiltanz-nfe.de<\/a><\/p>\n\n\n\n<p><a href=\"https:\/\/www.seiltanz-nfe.de\/index.php\/infoabend-am-16-mai-2024\">Erstes Infotreffen<\/a>!<\/p>\n","protected":false},"excerpt":{"rendered":"<p>Inklusives Wohnen in N\u00fcrnber\/F\u00fcrth\/Erlangen Grundpfeiler unserer Projekte sind die Werte, die unser Acronym darstellt! Grundidee Unser Ziel ist es, inklusiven Wohnraum f\u00fcr [&hellip;]<\/p>\n","protected":false},"author":1,"featured_media":0,"parent":0,"menu_order":0,"comment_status":"closed","ping_status":"closed","template":"","meta":{"footnotes":""},"class_list":["post-336","page","type-page","status-publish","hentry"],"yoast_head":"<!-- This site is optimized with the Yoast SEO plugin v27.0 - https:\/\/yoast.com\/product\/yoast-seo-wordpress\/ -->\n<title>Wohnprojekt Seiltanz - Seiltanz - nfe<\/title>\n<meta name=\"robots\" content=\"index, follow, max-snippet:-1, max-image-preview:large, max-video-preview:-1\" \/>\n<link rel=\"canonical\" href=\"https:\/\/www.seiltanz-nfe.de\/index.php\/wohnprojekt-seiltanz\/\" \/>\n<meta property=\"og:locale\" content=\"de_DE\" \/>\n<meta property=\"og:type\" content=\"article\" \/>\n<meta property=\"og:title\" content=\"Wohnprojekt Seiltanz - Seiltanz - nfe\" \/>\n<meta property=\"og:description\" content=\"Inklusives Wohnen in N\u00fcrnber\/F\u00fcrth\/Erlangen Grundpfeiler unserer Projekte sind die Werte, die unser Acronym darstellt! Grundidee Unser Ziel ist es, inklusiven Wohnraum f\u00fcr [&hellip;]\" \/>\n<meta property=\"og:url\" content=\"https:\/\/www.seiltanz-nfe.de\/index.php\/wohnprojekt-seiltanz\/\" \/>\n<meta property=\"og:site_name\" content=\"Seiltanz - nfe\" \/>\n<meta property=\"article:modified_time\" content=\"2024-11-09T13:32:07+00:00\" \/>\n<meta name=\"twitter:card\" content=\"summary_large_image\" \/>\n<meta name=\"twitter:label1\" content=\"Gesch\u00e4tzte Lesezeit\" \/>\n\t<meta name=\"twitter:data1\" content=\"5\u00a0Minuten\" \/>\n<script type=\"application\/ld+json\" class=\"yoast-schema-graph\">{\"@context\":\"https:\/\/schema.org\",\"@graph\":[{\"@type\":\"WebPage\",\"@id\":\"https:\/\/www.seiltanz-nfe.de\/index.php\/wohnprojekt-seiltanz\/\",\"url\":\"https:\/\/www.seiltanz-nfe.de\/index.php\/wohnprojekt-seiltanz\/\",\"name\":\"Wohnprojekt Seiltanz - Seiltanz - nfe\",\"isPartOf\":{\"@id\":\"https:\/\/www.seiltanz-nfe.de\/#website\"},\"datePublished\":\"2024-04-20T08:03:19+00:00\",\"dateModified\":\"2024-11-09T13:32:07+00:00\",\"breadcrumb\":{\"@id\":\"https:\/\/www.seiltanz-nfe.de\/index.php\/wohnprojekt-seiltanz\/#breadcrumb\"},\"inLanguage\":\"de\",\"potentialAction\":[{\"@type\":\"ReadAction\",\"target\":[\"https:\/\/www.seiltanz-nfe.de\/index.php\/wohnprojekt-seiltanz\/\"]}]},{\"@type\":\"BreadcrumbList\",\"@id\":\"https:\/\/www.seiltanz-nfe.de\/index.php\/wohnprojekt-seiltanz\/#breadcrumb\",\"itemListElement\":[{\"@type\":\"ListItem\",\"position\":1,\"name\":\"Startseite\",\"item\":\"https:\/\/www.seiltanz-nfe.de\/\"},{\"@type\":\"ListItem\",\"position\":2,\"name\":\"Wohnprojekt Seiltanz\"}]},{\"@type\":\"WebSite\",\"@id\":\"https:\/\/www.seiltanz-nfe.de\/#website\",\"url\":\"https:\/\/www.seiltanz-nfe.de\/\",\"name\":\"Seiltanz - nfe\",\"description\":\"&quot;Wessen wir am meisten im Leben bed\u00fcrfen, ist jemand, der uns dazu bringt, das zu tun, wessen wir f\u00e4hig sind.&quot; Ralph Waldo Emerson\",\"publisher\":{\"@id\":\"https:\/\/www.seiltanz-nfe.de\/#\/schema\/person\/ad9e532829f02a0072e2b3a93fe70116\"},\"potentialAction\":[{\"@type\":\"SearchAction\",\"target\":{\"@type\":\"EntryPoint\",\"urlTemplate\":\"https:\/\/www.seiltanz-nfe.de\/?s={search_term_string}\"},\"query-input\":{\"@type\":\"PropertyValueSpecification\",\"valueRequired\":true,\"valueName\":\"search_term_string\"}}],\"inLanguage\":\"de\"},{\"@type\":[\"Person\",\"Organization\"],\"@id\":\"https:\/\/www.seiltanz-nfe.de\/#\/schema\/person\/ad9e532829f02a0072e2b3a93fe70116\",\"name\":\"Marlene\",\"image\":{\"@type\":\"ImageObject\",\"inLanguage\":\"de\",\"@id\":\"https:\/\/www.seiltanz-nfe.de\/#\/schema\/person\/image\/\",\"url\":\"https:\/\/secure.gravatar.com\/avatar\/e10aeb99abca2cd4decf0be3d1a13e9de7b94293439f168f9db131ad6367e571?s=96&d=mm&r=g\",\"contentUrl\":\"https:\/\/secure.gravatar.com\/avatar\/e10aeb99abca2cd4decf0be3d1a13e9de7b94293439f168f9db131ad6367e571?s=96&d=mm&r=g\",\"caption\":\"Marlene\"},\"logo\":{\"@id\":\"https:\/\/www.seiltanz-nfe.de\/#\/schema\/person\/image\/\"},\"sameAs\":[\"https:\/\/seiltanz-nfe.de\"]}]}<\/script>\n<!-- \/ Yoast SEO plugin. -->","yoast_head_json":{"title":"Wohnprojekt Seiltanz - Seiltanz - nfe","robots":{"index":"index","follow":"follow","max-snippet":"max-snippet:-1","max-image-preview":"max-image-preview:large","max-video-preview":"max-video-preview:-1"},"canonical":"https:\/\/www.seiltanz-nfe.de\/index.php\/wohnprojekt-seiltanz\/","og_locale":"de_DE","og_type":"article","og_title":"Wohnprojekt Seiltanz - Seiltanz - nfe","og_description":"Inklusives Wohnen in N\u00fcrnber\/F\u00fcrth\/Erlangen Grundpfeiler unserer Projekte sind die Werte, die unser Acronym darstellt! Grundidee Unser Ziel ist es, inklusiven Wohnraum f\u00fcr [&hellip;]","og_url":"https:\/\/www.seiltanz-nfe.de\/index.php\/wohnprojekt-seiltanz\/","og_site_name":"Seiltanz - nfe","article_modified_time":"2024-11-09T13:32:07+00:00","twitter_card":"summary_large_image","twitter_misc":{"Gesch\u00e4tzte Lesezeit":"5\u00a0Minuten"},"schema":{"@context":"https:\/\/schema.org","@graph":[{"@type":"WebPage","@id":"https:\/\/www.seiltanz-nfe.de\/index.php\/wohnprojekt-seiltanz\/","url":"https:\/\/www.seiltanz-nfe.de\/index.php\/wohnprojekt-seiltanz\/","name":"Wohnprojekt Seiltanz - Seiltanz - nfe","isPartOf":{"@id":"https:\/\/www.seiltanz-nfe.de\/#website"},"datePublished":"2024-04-20T08:03:19+00:00","dateModified":"2024-11-09T13:32:07+00:00","breadcrumb":{"@id":"https:\/\/www.seiltanz-nfe.de\/index.php\/wohnprojekt-seiltanz\/#breadcrumb"},"inLanguage":"de","potentialAction":[{"@type":"ReadAction","target":["https:\/\/www.seiltanz-nfe.de\/index.php\/wohnprojekt-seiltanz\/"]}]},{"@type":"BreadcrumbList","@id":"https:\/\/www.seiltanz-nfe.de\/index.php\/wohnprojekt-seiltanz\/#breadcrumb","itemListElement":[{"@type":"ListItem","position":1,"name":"Startseite","item":"https:\/\/www.seiltanz-nfe.de\/"},{"@type":"ListItem","position":2,"name":"Wohnprojekt Seiltanz"}]},{"@type":"WebSite","@id":"https:\/\/www.seiltanz-nfe.de\/#website","url":"https:\/\/www.seiltanz-nfe.de\/","name":"Seiltanz - nfe","description":"&quot;Wessen wir am meisten im Leben bed\u00fcrfen, ist jemand, der uns dazu bringt, das zu tun, wessen wir f\u00e4hig sind.&quot; Ralph Waldo Emerson","publisher":{"@id":"https:\/\/www.seiltanz-nfe.de\/#\/schema\/person\/ad9e532829f02a0072e2b3a93fe70116"},"potentialAction":[{"@type":"SearchAction","target":{"@type":"EntryPoint","urlTemplate":"https:\/\/www.seiltanz-nfe.de\/?s={search_term_string}"},"query-input":{"@type":"PropertyValueSpecification","valueRequired":true,"valueName":"search_term_string"}}],"inLanguage":"de"},{"@type":["Person","Organization"],"@id":"https:\/\/www.seiltanz-nfe.de\/#\/schema\/person\/ad9e532829f02a0072e2b3a93fe70116","name":"Marlene","image":{"@type":"ImageObject","inLanguage":"de","@id":"https:\/\/www.seiltanz-nfe.de\/#\/schema\/person\/image\/","url":"https:\/\/secure.gravatar.com\/avatar\/e10aeb99abca2cd4decf0be3d1a13e9de7b94293439f168f9db131ad6367e571?s=96&d=mm&r=g","contentUrl":"https:\/\/secure.gravatar.com\/avatar\/e10aeb99abca2cd4decf0be3d1a13e9de7b94293439f168f9db131ad6367e571?s=96&d=mm&r=g","caption":"Marlene"},"logo":{"@id":"https:\/\/www.seiltanz-nfe.de\/#\/schema\/person\/image\/"},"sameAs":["https:\/\/seiltanz-nfe.de"]}]}},"_links":{"self":[{"href":"https:\/\/www.seiltanz-nfe.de\/index.php\/wp-json\/wp\/v2\/pages\/336","targetHints":{"allow":["GET"]}}],"collection":[{"href":"https:\/\/www.seiltanz-nfe.de\/index.php\/wp-json\/wp\/v2\/pages"}],"about":[{"href":"https:\/\/www.seiltanz-nfe.de\/index.php\/wp-json\/wp\/v2\/types\/page"}],"author":[{"embeddable":true,"href":"https:\/\/www.seiltanz-nfe.de\/index.php\/wp-json\/wp\/v2\/users\/1"}],"replies":[{"embeddable":true,"href":"https:\/\/www.seiltanz-nfe.de\/index.php\/wp-json\/wp\/v2\/comments?post=336"}],"version-history":[{"count":7,"href":"https:\/\/www.seiltanz-nfe.de\/index.php\/wp-json\/wp\/v2\/pages\/336\/revisions"}],"predecessor-version":[{"id":397,"href":"https:\/\/www.seiltanz-nfe.de\/index.php\/wp-json\/wp\/v2\/pages\/336\/revisions\/397"}],"wp:attachment":[{"href":"https:\/\/www.seiltanz-nfe.de\/index.php\/wp-json\/wp\/v2\/media?parent=336"}],"curies":[{"name":"wp","href":"https:\/\/api.w.org\/{rel}","templated":true}]}}