
{"id":349,"date":"2024-05-10T14:42:42","date_gmt":"2024-05-10T12:42:42","guid":{"rendered":"https:\/\/www.seiltanz-nfe.de\/?page_id=349"},"modified":"2024-05-10T14:42:43","modified_gmt":"2024-05-10T12:42:43","slug":"malen-im-buni","status":"publish","type":"page","link":"https:\/\/www.seiltanz-nfe.de\/index.php\/malen-im-buni\/","title":{"rendered":"Malen im Buni"},"content":{"rendered":"\n<p>Im Kultur- und Freizeittreff <a href=\"https:\/\/www.lhnbg.de\/informieren\/freie-zeit\/buni-kulturfreizeittreff\">BUNI <\/a>in N\u00fcrnberg werden verschiedene Kurse nicht nur Menschen mit Einschr\u00e4nkungen angeboten. Ich gehe in den &#8220;Malen und Begegnen Kurs&#8221;, der jeden Montag Vormittag stattfindet.<\/p>\n\n\n\n<p>Dazu fahre ich mit meiner Assistentin Lisa mit dem Fahrdienst nach N\u00fcrnberg. Wir sind 5-6 K\u00fcnstler dort und es macht viel Spa\u00df, neue Maltechniken auszuprobieren und mit den anderen zu plaudern. Oft ist sehr lustig und unser Kursleiter Helmut \u00fcberlegt sich immer etwas f\u00fcr uns. <\/p>\n\n\n\n<figure class=\"wp-block-gallery has-nested-images columns-default is-cropped wp-block-gallery-1 is-layout-flex wp-block-gallery-is-layout-flex\">\n<figure class=\"wp-block-image size-large\"><img loading=\"lazy\" decoding=\"async\" width=\"771\" height=\"1024\" data-id=\"353\" src=\"https:\/\/www.seiltanz-nfe.de\/wp-content\/uploads\/2024\/05\/1-771x1024.jpg\" alt=\"\" class=\"wp-image-353\" srcset=\"https:\/\/www.seiltanz-nfe.de\/wp-content\/uploads\/2024\/05\/1-771x1024.jpg 771w, https:\/\/www.seiltanz-nfe.de\/wp-content\/uploads\/2024\/05\/1-226x300.jpg 226w, https:\/\/www.seiltanz-nfe.de\/wp-content\/uploads\/2024\/05\/1-768x1020.jpg 768w, https:\/\/www.seiltanz-nfe.de\/wp-content\/uploads\/2024\/05\/1-1157x1536.jpg 1157w, https:\/\/www.seiltanz-nfe.de\/wp-content\/uploads\/2024\/05\/1-1542x2048.jpg 1542w, https:\/\/www.seiltanz-nfe.de\/wp-content\/uploads\/2024\/05\/1-1000x1328.jpg 1000w, https:\/\/www.seiltanz-nfe.de\/wp-content\/uploads\/2024\/05\/1-230x305.jpg 230w, https:\/\/www.seiltanz-nfe.de\/wp-content\/uploads\/2024\/05\/1-350x465.jpg 350w, https:\/\/www.seiltanz-nfe.de\/wp-content\/uploads\/2024\/05\/1-480x638.jpg 480w, https:\/\/www.seiltanz-nfe.de\/wp-content\/uploads\/2024\/05\/1-scaled.jpg 1928w\" sizes=\"auto, (max-width: 771px) 100vw, 771px\" \/><\/figure>\n\n\n\n<figure class=\"wp-block-image size-large\"><img loading=\"lazy\" decoding=\"async\" width=\"771\" height=\"1024\" data-id=\"351\" src=\"https:\/\/www.seiltanz-nfe.de\/wp-content\/uploads\/2024\/05\/2-771x1024.jpg\" alt=\"\" class=\"wp-image-351\" srcset=\"https:\/\/www.seiltanz-nfe.de\/wp-content\/uploads\/2024\/05\/2-771x1024.jpg 771w, https:\/\/www.seiltanz-nfe.de\/wp-content\/uploads\/2024\/05\/2-226x300.jpg 226w, https:\/\/www.seiltanz-nfe.de\/wp-content\/uploads\/2024\/05\/2-768x1020.jpg 768w, https:\/\/www.seiltanz-nfe.de\/wp-content\/uploads\/2024\/05\/2-1157x1536.jpg 1157w, https:\/\/www.seiltanz-nfe.de\/wp-content\/uploads\/2024\/05\/2-1542x2048.jpg 1542w, https:\/\/www.seiltanz-nfe.de\/wp-content\/uploads\/2024\/05\/2-1000x1328.jpg 1000w, https:\/\/www.seiltanz-nfe.de\/wp-content\/uploads\/2024\/05\/2-230x305.jpg 230w, https:\/\/www.seiltanz-nfe.de\/wp-content\/uploads\/2024\/05\/2-350x465.jpg 350w, https:\/\/www.seiltanz-nfe.de\/wp-content\/uploads\/2024\/05\/2-480x638.jpg 480w, https:\/\/www.seiltanz-nfe.de\/wp-content\/uploads\/2024\/05\/2-scaled.jpg 1928w\" sizes=\"auto, (max-width: 771px) 100vw, 771px\" \/><\/figure>\n\n\n\n<figure class=\"wp-block-image size-large\"><img loading=\"lazy\" decoding=\"async\" width=\"771\" height=\"1024\" data-id=\"350\" src=\"https:\/\/www.seiltanz-nfe.de\/wp-content\/uploads\/2024\/05\/3-771x1024.jpg\" alt=\"\" class=\"wp-image-350\" srcset=\"https:\/\/www.seiltanz-nfe.de\/wp-content\/uploads\/2024\/05\/3-771x1024.jpg 771w, https:\/\/www.seiltanz-nfe.de\/wp-content\/uploads\/2024\/05\/3-226x300.jpg 226w, https:\/\/www.seiltanz-nfe.de\/wp-content\/uploads\/2024\/05\/3-768x1020.jpg 768w, https:\/\/www.seiltanz-nfe.de\/wp-content\/uploads\/2024\/05\/3-1157x1536.jpg 1157w, https:\/\/www.seiltanz-nfe.de\/wp-content\/uploads\/2024\/05\/3-1542x2048.jpg 1542w, https:\/\/www.seiltanz-nfe.de\/wp-content\/uploads\/2024\/05\/3-1000x1328.jpg 1000w, https:\/\/www.seiltanz-nfe.de\/wp-content\/uploads\/2024\/05\/3-230x305.jpg 230w, https:\/\/www.seiltanz-nfe.de\/wp-content\/uploads\/2024\/05\/3-350x465.jpg 350w, https:\/\/www.seiltanz-nfe.de\/wp-content\/uploads\/2024\/05\/3-480x638.jpg 480w, https:\/\/www.seiltanz-nfe.de\/wp-content\/uploads\/2024\/05\/3-scaled.jpg 1928w\" sizes=\"auto, (max-width: 771px) 100vw, 771px\" \/><\/figure>\n\n\n\n<figure class=\"wp-block-image size-large\"><img loading=\"lazy\" decoding=\"async\" width=\"771\" height=\"1024\" data-id=\"352\" src=\"https:\/\/www.seiltanz-nfe.de\/wp-content\/uploads\/2024\/05\/4-771x1024.jpg\" alt=\"\" class=\"wp-image-352\" srcset=\"https:\/\/www.seiltanz-nfe.de\/wp-content\/uploads\/2024\/05\/4-771x1024.jpg 771w, https:\/\/www.seiltanz-nfe.de\/wp-content\/uploads\/2024\/05\/4-226x300.jpg 226w, https:\/\/www.seiltanz-nfe.de\/wp-content\/uploads\/2024\/05\/4-768x1020.jpg 768w, https:\/\/www.seiltanz-nfe.de\/wp-content\/uploads\/2024\/05\/4-1157x1536.jpg 1157w, https:\/\/www.seiltanz-nfe.de\/wp-content\/uploads\/2024\/05\/4-1542x2048.jpg 1542w, https:\/\/www.seiltanz-nfe.de\/wp-content\/uploads\/2024\/05\/4-1000x1328.jpg 1000w, https:\/\/www.seiltanz-nfe.de\/wp-content\/uploads\/2024\/05\/4-230x305.jpg 230w, https:\/\/www.seiltanz-nfe.de\/wp-content\/uploads\/2024\/05\/4-350x465.jpg 350w, https:\/\/www.seiltanz-nfe.de\/wp-content\/uploads\/2024\/05\/4-480x638.jpg 480w, https:\/\/www.seiltanz-nfe.de\/wp-content\/uploads\/2024\/05\/4-scaled.jpg 1928w\" sizes=\"auto, (max-width: 771px) 100vw, 771px\" \/><\/figure>\n<\/figure>\n\n\n\n<p>Bald ist hier meine Onlinegalerie zu sehen. Darunter einige Bilder in Siebtechnik.<\/p>\n","protected":false},"excerpt":{"rendered":"<p>Im Kultur- und Freizeittreff BUNI in N\u00fcrnberg werden verschiedene Kurse nicht nur Menschen mit Einschr\u00e4nkungen angeboten. Ich gehe in den &#8220;Malen und [&hellip;]<\/p>\n","protected":false},"author":1,"featured_media":0,"parent":0,"menu_order":0,"comment_status":"closed","ping_status":"closed","template":"","meta":{"footnotes":""},"class_list":["post-349","page","type-page","status-publish","hentry"],"yoast_head":"<!-- This site is optimized with the Yoast SEO plugin v27.0 - https:\/\/yoast.com\/product\/yoast-seo-wordpress\/ -->\n<title>Malen im Buni - Seiltanz - nfe<\/title>\n<meta name=\"description\" content=\"Buni Kultur und Freizeittreff in N\u00fcrnberg, Kurs Malen und Begegnen Onlinegalerie Siebtechnik Farben\" \/>\n<meta name=\"robots\" content=\"index, follow, max-snippet:-1, max-image-preview:large, max-video-preview:-1\" \/>\n<link rel=\"canonical\" href=\"https:\/\/www.seiltanz-nfe.de\/index.php\/malen-im-buni\/\" \/>\n<meta property=\"og:locale\" content=\"de_DE\" \/>\n<meta property=\"og:type\" content=\"article\" \/>\n<meta property=\"og:title\" content=\"Malen im Buni - Seiltanz - nfe\" \/>\n<meta property=\"og:description\" content=\"Buni Kultur und Freizeittreff in N\u00fcrnberg, Kurs Malen und Begegnen Onlinegalerie Siebtechnik Farben\" \/>\n<meta property=\"og:url\" content=\"https:\/\/www.seiltanz-nfe.de\/index.php\/malen-im-buni\/\" \/>\n<meta property=\"og:site_name\" content=\"Seiltanz - nfe\" \/>\n<meta property=\"article:modified_time\" content=\"2024-05-10T12:42:43+00:00\" \/>\n<meta property=\"og:image\" content=\"https:\/\/www.seiltanz-nfe.de\/wp-content\/uploads\/2024\/05\/1-771x1024.jpg\" \/>\n<meta name=\"twitter:card\" content=\"summary_large_image\" \/>\n<meta name=\"twitter:label1\" content=\"Gesch\u00e4tzte Lesezeit\" \/>\n\t<meta name=\"twitter:data1\" content=\"2\u00a0Minuten\" \/>\n<script type=\"application\/ld+json\" class=\"yoast-schema-graph\">{\"@context\":\"https:\/\/schema.org\",\"@graph\":[{\"@type\":\"WebPage\",\"@id\":\"https:\/\/www.seiltanz-nfe.de\/index.php\/malen-im-buni\/\",\"url\":\"https:\/\/www.seiltanz-nfe.de\/index.php\/malen-im-buni\/\",\"name\":\"Malen im Buni - Seiltanz - nfe\",\"isPartOf\":{\"@id\":\"https:\/\/www.seiltanz-nfe.de\/#website\"},\"primaryImageOfPage\":{\"@id\":\"https:\/\/www.seiltanz-nfe.de\/index.php\/malen-im-buni\/#primaryimage\"},\"image\":{\"@id\":\"https:\/\/www.seiltanz-nfe.de\/index.php\/malen-im-buni\/#primaryimage\"},\"thumbnailUrl\":\"https:\/\/www.seiltanz-nfe.de\/wp-content\/uploads\/2024\/05\/1-771x1024.jpg\",\"datePublished\":\"2024-05-10T12:42:42+00:00\",\"dateModified\":\"2024-05-10T12:42:43+00:00\",\"description\":\"Buni Kultur und Freizeittreff in N\u00fcrnberg, Kurs Malen und Begegnen Onlinegalerie Siebtechnik Farben\",\"breadcrumb\":{\"@id\":\"https:\/\/www.seiltanz-nfe.de\/index.php\/malen-im-buni\/#breadcrumb\"},\"inLanguage\":\"de\",\"potentialAction\":[{\"@type\":\"ReadAction\",\"target\":[\"https:\/\/www.seiltanz-nfe.de\/index.php\/malen-im-buni\/\"]}]},{\"@type\":\"ImageObject\",\"inLanguage\":\"de\",\"@id\":\"https:\/\/www.seiltanz-nfe.de\/index.php\/malen-im-buni\/#primaryimage\",\"url\":\"https:\/\/www.seiltanz-nfe.de\/wp-content\/uploads\/2024\/05\/1-scaled.jpg\",\"contentUrl\":\"https:\/\/www.seiltanz-nfe.de\/wp-content\/uploads\/2024\/05\/1-scaled.jpg\",\"width\":1928,\"height\":2560},{\"@type\":\"BreadcrumbList\",\"@id\":\"https:\/\/www.seiltanz-nfe.de\/index.php\/malen-im-buni\/#breadcrumb\",\"itemListElement\":[{\"@type\":\"ListItem\",\"position\":1,\"name\":\"Startseite\",\"item\":\"https:\/\/www.seiltanz-nfe.de\/\"},{\"@type\":\"ListItem\",\"position\":2,\"name\":\"Malen im Buni\"}]},{\"@type\":\"WebSite\",\"@id\":\"https:\/\/www.seiltanz-nfe.de\/#website\",\"url\":\"https:\/\/www.seiltanz-nfe.de\/\",\"name\":\"Seiltanz - nfe\",\"description\":\"&quot;Wessen wir am meisten im Leben bed\u00fcrfen, ist jemand, der uns dazu bringt, das zu tun, wessen wir f\u00e4hig sind.&quot; Ralph Waldo Emerson\",\"publisher\":{\"@id\":\"https:\/\/www.seiltanz-nfe.de\/#\/schema\/person\/ad9e532829f02a0072e2b3a93fe70116\"},\"potentialAction\":[{\"@type\":\"SearchAction\",\"target\":{\"@type\":\"EntryPoint\",\"urlTemplate\":\"https:\/\/www.seiltanz-nfe.de\/?s={search_term_string}\"},\"query-input\":{\"@type\":\"PropertyValueSpecification\",\"valueRequired\":true,\"valueName\":\"search_term_string\"}}],\"inLanguage\":\"de\"},{\"@type\":[\"Person\",\"Organization\"],\"@id\":\"https:\/\/www.seiltanz-nfe.de\/#\/schema\/person\/ad9e532829f02a0072e2b3a93fe70116\",\"name\":\"Marlene\",\"image\":{\"@type\":\"ImageObject\",\"inLanguage\":\"de\",\"@id\":\"https:\/\/www.seiltanz-nfe.de\/#\/schema\/person\/image\/\",\"url\":\"https:\/\/secure.gravatar.com\/avatar\/e10aeb99abca2cd4decf0be3d1a13e9de7b94293439f168f9db131ad6367e571?s=96&d=mm&r=g\",\"contentUrl\":\"https:\/\/secure.gravatar.com\/avatar\/e10aeb99abca2cd4decf0be3d1a13e9de7b94293439f168f9db131ad6367e571?s=96&d=mm&r=g\",\"caption\":\"Marlene\"},\"logo\":{\"@id\":\"https:\/\/www.seiltanz-nfe.de\/#\/schema\/person\/image\/\"},\"sameAs\":[\"https:\/\/seiltanz-nfe.de\"]}]}<\/script>\n<!-- \/ Yoast SEO plugin. -->","yoast_head_json":{"title":"Malen im Buni - Seiltanz - nfe","description":"Buni Kultur und Freizeittreff in N\u00fcrnberg, Kurs Malen und Begegnen Onlinegalerie Siebtechnik Farben","robots":{"index":"index","follow":"follow","max-snippet":"max-snippet:-1","max-image-preview":"max-image-preview:large","max-video-preview":"max-video-preview:-1"},"canonical":"https:\/\/www.seiltanz-nfe.de\/index.php\/malen-im-buni\/","og_locale":"de_DE","og_type":"article","og_title":"Malen im Buni - Seiltanz - nfe","og_description":"Buni Kultur und Freizeittreff in N\u00fcrnberg, Kurs Malen und Begegnen Onlinegalerie Siebtechnik Farben","og_url":"https:\/\/www.seiltanz-nfe.de\/index.php\/malen-im-buni\/","og_site_name":"Seiltanz - nfe","article_modified_time":"2024-05-10T12:42:43+00:00","og_image":[{"url":"https:\/\/www.seiltanz-nfe.de\/wp-content\/uploads\/2024\/05\/1-771x1024.jpg","type":"","width":"","height":""}],"twitter_card":"summary_large_image","twitter_misc":{"Gesch\u00e4tzte Lesezeit":"2\u00a0Minuten"},"schema":{"@context":"https:\/\/schema.org","@graph":[{"@type":"WebPage","@id":"https:\/\/www.seiltanz-nfe.de\/index.php\/malen-im-buni\/","url":"https:\/\/www.seiltanz-nfe.de\/index.php\/malen-im-buni\/","name":"Malen im Buni - Seiltanz - nfe","isPartOf":{"@id":"https:\/\/www.seiltanz-nfe.de\/#website"},"primaryImageOfPage":{"@id":"https:\/\/www.seiltanz-nfe.de\/index.php\/malen-im-buni\/#primaryimage"},"image":{"@id":"https:\/\/www.seiltanz-nfe.de\/index.php\/malen-im-buni\/#primaryimage"},"thumbnailUrl":"https:\/\/www.seiltanz-nfe.de\/wp-content\/uploads\/2024\/05\/1-771x1024.jpg","datePublished":"2024-05-10T12:42:42+00:00","dateModified":"2024-05-10T12:42:43+00:00","description":"Buni Kultur und Freizeittreff in N\u00fcrnberg, Kurs Malen und Begegnen Onlinegalerie Siebtechnik Farben","breadcrumb":{"@id":"https:\/\/www.seiltanz-nfe.de\/index.php\/malen-im-buni\/#breadcrumb"},"inLanguage":"de","potentialAction":[{"@type":"ReadAction","target":["https:\/\/www.seiltanz-nfe.de\/index.php\/malen-im-buni\/"]}]},{"@type":"ImageObject","inLanguage":"de","@id":"https:\/\/www.seiltanz-nfe.de\/index.php\/malen-im-buni\/#primaryimage","url":"https:\/\/www.seiltanz-nfe.de\/wp-content\/uploads\/2024\/05\/1-scaled.jpg","contentUrl":"https:\/\/www.seiltanz-nfe.de\/wp-content\/uploads\/2024\/05\/1-scaled.jpg","width":1928,"height":2560},{"@type":"BreadcrumbList","@id":"https:\/\/www.seiltanz-nfe.de\/index.php\/malen-im-buni\/#breadcrumb","itemListElement":[{"@type":"ListItem","position":1,"name":"Startseite","item":"https:\/\/www.seiltanz-nfe.de\/"},{"@type":"ListItem","position":2,"name":"Malen im Buni"}]},{"@type":"WebSite","@id":"https:\/\/www.seiltanz-nfe.de\/#website","url":"https:\/\/www.seiltanz-nfe.de\/","name":"Seiltanz - nfe","description":"&quot;Wessen wir am meisten im Leben bed\u00fcrfen, ist jemand, der uns dazu bringt, das zu tun, wessen wir f\u00e4hig sind.&quot; Ralph Waldo Emerson","publisher":{"@id":"https:\/\/www.seiltanz-nfe.de\/#\/schema\/person\/ad9e532829f02a0072e2b3a93fe70116"},"potentialAction":[{"@type":"SearchAction","target":{"@type":"EntryPoint","urlTemplate":"https:\/\/www.seiltanz-nfe.de\/?s={search_term_string}"},"query-input":{"@type":"PropertyValueSpecification","valueRequired":true,"valueName":"search_term_string"}}],"inLanguage":"de"},{"@type":["Person","Organization"],"@id":"https:\/\/www.seiltanz-nfe.de\/#\/schema\/person\/ad9e532829f02a0072e2b3a93fe70116","name":"Marlene","image":{"@type":"ImageObject","inLanguage":"de","@id":"https:\/\/www.seiltanz-nfe.de\/#\/schema\/person\/image\/","url":"https:\/\/secure.gravatar.com\/avatar\/e10aeb99abca2cd4decf0be3d1a13e9de7b94293439f168f9db131ad6367e571?s=96&d=mm&r=g","contentUrl":"https:\/\/secure.gravatar.com\/avatar\/e10aeb99abca2cd4decf0be3d1a13e9de7b94293439f168f9db131ad6367e571?s=96&d=mm&r=g","caption":"Marlene"},"logo":{"@id":"https:\/\/www.seiltanz-nfe.de\/#\/schema\/person\/image\/"},"sameAs":["https:\/\/seiltanz-nfe.de"]}]}},"_links":{"self":[{"href":"https:\/\/www.seiltanz-nfe.de\/index.php\/wp-json\/wp\/v2\/pages\/349","targetHints":{"allow":["GET"]}}],"collection":[{"href":"https:\/\/www.seiltanz-nfe.de\/index.php\/wp-json\/wp\/v2\/pages"}],"about":[{"href":"https:\/\/www.seiltanz-nfe.de\/index.php\/wp-json\/wp\/v2\/types\/page"}],"author":[{"embeddable":true,"href":"https:\/\/www.seiltanz-nfe.de\/index.php\/wp-json\/wp\/v2\/users\/1"}],"replies":[{"embeddable":true,"href":"https:\/\/www.seiltanz-nfe.de\/index.php\/wp-json\/wp\/v2\/comments?post=349"}],"version-history":[{"count":1,"href":"https:\/\/www.seiltanz-nfe.de\/index.php\/wp-json\/wp\/v2\/pages\/349\/revisions"}],"predecessor-version":[{"id":354,"href":"https:\/\/www.seiltanz-nfe.de\/index.php\/wp-json\/wp\/v2\/pages\/349\/revisions\/354"}],"wp:attachment":[{"href":"https:\/\/www.seiltanz-nfe.de\/index.php\/wp-json\/wp\/v2\/media?parent=349"}],"curies":[{"name":"wp","href":"https:\/\/api.w.org\/{rel}","templated":true}]}}