
{"id":358,"date":"2024-06-30T21:11:36","date_gmt":"2024-06-30T19:11:36","guid":{"rendered":"https:\/\/www.seiltanz-nfe.de\/?page_id=358"},"modified":"2025-11-26T11:13:41","modified_gmt":"2025-11-26T10:13:41","slug":"assistenz-fuer-marlene","status":"publish","type":"page","link":"https:\/\/www.seiltanz-nfe.de\/index.php\/assistenz-fuer-marlene\/","title":{"rendered":"Assistenz f\u00fcr Marlene"},"content":{"rendered":"\n<p><\/p>\n\n\n\n<div class=\"wp-block-media-text is-stacked-on-mobile\"><figure class=\"wp-block-media-text__media\"><img loading=\"lazy\" decoding=\"async\" width=\"724\" height=\"1024\" src=\"https:\/\/www.seiltanz-nfe.de\/wp-content\/uploads\/2025\/01\/Assistenz_01_25-724x1024.jpg\" alt=\"\" class=\"wp-image-403 size-full\" srcset=\"https:\/\/www.seiltanz-nfe.de\/wp-content\/uploads\/2025\/01\/Assistenz_01_25-724x1024.jpg 724w, https:\/\/www.seiltanz-nfe.de\/wp-content\/uploads\/2025\/01\/Assistenz_01_25-212x300.jpg 212w, https:\/\/www.seiltanz-nfe.de\/wp-content\/uploads\/2025\/01\/Assistenz_01_25-768x1086.jpg 768w, https:\/\/www.seiltanz-nfe.de\/wp-content\/uploads\/2025\/01\/Assistenz_01_25-1086x1536.jpg 1086w, https:\/\/www.seiltanz-nfe.de\/wp-content\/uploads\/2025\/01\/Assistenz_01_25-1448x2048.jpg 1448w, https:\/\/www.seiltanz-nfe.de\/wp-content\/uploads\/2025\/01\/Assistenz_01_25-1000x1414.jpg 1000w, https:\/\/www.seiltanz-nfe.de\/wp-content\/uploads\/2025\/01\/Assistenz_01_25-230x325.jpg 230w, https:\/\/www.seiltanz-nfe.de\/wp-content\/uploads\/2025\/01\/Assistenz_01_25-350x495.jpg 350w, https:\/\/www.seiltanz-nfe.de\/wp-content\/uploads\/2025\/01\/Assistenz_01_25-480x679.jpg 480w, https:\/\/www.seiltanz-nfe.de\/wp-content\/uploads\/2025\/01\/Assistenz_01_25-scaled.jpg 1810w\" sizes=\"auto, (max-width: 724px) 100vw, 724px\" \/><\/figure><div class=\"wp-block-media-text__content\">\n<p>Hast Du Lust, einer jungen Frau zu assistieren?<\/p>\n\n\n\n<p>Wir haben einen tollen Job f\u00fcr Dich!<\/p>\n\n\n\n<p>Ihr dabei zu helfen, ihr selbst-bestimmtes Leben zu gestalten?<\/p>\n\n\n\n<p>Du hast einen Abschluss in einer p\u00e4dagogische\/heilp\u00e4dagogische\/sozialp\u00e4dagogische Ausbildung oder Studium?<\/p>\n\n\n\n<p>Dann schau dir gerne Marlenes Aktivit\u00e4ten an, bei denen Du sie in Zukunft unterst\u00fctzten k\u00f6nntest.<\/p>\n\n\n\n<p>Dann melde Dich gerne <a href=\"mailto:Info@seiltanz-nfe.de\">Info@seiltanz-nfe.de<\/a>!<\/p>\n\n\n\n<p>Wir freuen \u00fcber Deine Nachricht!<\/p>\n<\/div><\/div>\n\n\n\n<p><\/p>\n","protected":false},"excerpt":{"rendered":"<p>Hast Du Lust, einer jungen Frau zu assistieren? Wir haben einen tollen Job f\u00fcr Dich! Ihr dabei zu helfen, ihr selbst-bestimmtes Leben [&hellip;]<\/p>\n","protected":false},"author":1,"featured_media":0,"parent":0,"menu_order":0,"comment_status":"closed","ping_status":"closed","template":"","meta":{"footnotes":""},"class_list":["post-358","page","type-page","status-publish","hentry"],"yoast_head":"<!-- This site is optimized with the Yoast SEO plugin v27.0 - https:\/\/yoast.com\/product\/yoast-seo-wordpress\/ -->\n<title>Assistenz f\u00fcr Marlene - Seiltanz - nfe<\/title>\n<meta name=\"robots\" content=\"index, follow, max-snippet:-1, max-image-preview:large, max-video-preview:-1\" \/>\n<link rel=\"canonical\" href=\"https:\/\/www.seiltanz-nfe.de\/index.php\/assistenz-fuer-marlene\/\" \/>\n<meta property=\"og:locale\" content=\"de_DE\" \/>\n<meta property=\"og:type\" content=\"article\" \/>\n<meta property=\"og:title\" content=\"Assistenz f\u00fcr Marlene - Seiltanz - nfe\" \/>\n<meta property=\"og:description\" content=\"Hast Du Lust, einer jungen Frau zu assistieren? Wir haben einen tollen Job f\u00fcr Dich! Ihr dabei zu helfen, ihr selbst-bestimmtes Leben [&hellip;]\" \/>\n<meta property=\"og:url\" content=\"https:\/\/www.seiltanz-nfe.de\/index.php\/assistenz-fuer-marlene\/\" \/>\n<meta property=\"og:site_name\" content=\"Seiltanz - nfe\" \/>\n<meta property=\"article:modified_time\" content=\"2025-11-26T10:13:41+00:00\" \/>\n<meta property=\"og:image\" content=\"https:\/\/www.seiltanz-nfe.de\/wp-content\/uploads\/2025\/01\/Assistenz_01_25-scaled.jpg\" \/>\n\t<meta property=\"og:image:width\" content=\"1810\" \/>\n\t<meta property=\"og:image:height\" content=\"2560\" \/>\n\t<meta property=\"og:image:type\" content=\"image\/jpeg\" \/>\n<meta name=\"twitter:card\" content=\"summary_large_image\" \/>\n<meta name=\"twitter:label1\" content=\"Gesch\u00e4tzte Lesezeit\" \/>\n\t<meta name=\"twitter:data1\" content=\"1\u00a0Minute\" \/>\n<script type=\"application\/ld+json\" class=\"yoast-schema-graph\">{\"@context\":\"https:\/\/schema.org\",\"@graph\":[{\"@type\":\"WebPage\",\"@id\":\"https:\/\/www.seiltanz-nfe.de\/index.php\/assistenz-fuer-marlene\/\",\"url\":\"https:\/\/www.seiltanz-nfe.de\/index.php\/assistenz-fuer-marlene\/\",\"name\":\"Assistenz f\u00fcr Marlene - Seiltanz - nfe\",\"isPartOf\":{\"@id\":\"https:\/\/www.seiltanz-nfe.de\/#website\"},\"primaryImageOfPage\":{\"@id\":\"https:\/\/www.seiltanz-nfe.de\/index.php\/assistenz-fuer-marlene\/#primaryimage\"},\"image\":{\"@id\":\"https:\/\/www.seiltanz-nfe.de\/index.php\/assistenz-fuer-marlene\/#primaryimage\"},\"thumbnailUrl\":\"https:\/\/www.seiltanz-nfe.de\/wp-content\/uploads\/2025\/01\/Assistenz_01_25-724x1024.jpg\",\"datePublished\":\"2024-06-30T19:11:36+00:00\",\"dateModified\":\"2025-11-26T10:13:41+00:00\",\"breadcrumb\":{\"@id\":\"https:\/\/www.seiltanz-nfe.de\/index.php\/assistenz-fuer-marlene\/#breadcrumb\"},\"inLanguage\":\"de\",\"potentialAction\":[{\"@type\":\"ReadAction\",\"target\":[\"https:\/\/www.seiltanz-nfe.de\/index.php\/assistenz-fuer-marlene\/\"]}]},{\"@type\":\"ImageObject\",\"inLanguage\":\"de\",\"@id\":\"https:\/\/www.seiltanz-nfe.de\/index.php\/assistenz-fuer-marlene\/#primaryimage\",\"url\":\"https:\/\/www.seiltanz-nfe.de\/wp-content\/uploads\/2025\/01\/Assistenz_01_25-scaled.jpg\",\"contentUrl\":\"https:\/\/www.seiltanz-nfe.de\/wp-content\/uploads\/2025\/01\/Assistenz_01_25-scaled.jpg\",\"width\":1810,\"height\":2560},{\"@type\":\"BreadcrumbList\",\"@id\":\"https:\/\/www.seiltanz-nfe.de\/index.php\/assistenz-fuer-marlene\/#breadcrumb\",\"itemListElement\":[{\"@type\":\"ListItem\",\"position\":1,\"name\":\"Startseite\",\"item\":\"https:\/\/www.seiltanz-nfe.de\/\"},{\"@type\":\"ListItem\",\"position\":2,\"name\":\"Assistenz f\u00fcr Marlene\"}]},{\"@type\":\"WebSite\",\"@id\":\"https:\/\/www.seiltanz-nfe.de\/#website\",\"url\":\"https:\/\/www.seiltanz-nfe.de\/\",\"name\":\"Seiltanz - nfe\",\"description\":\"&quot;Wessen wir am meisten im Leben bed\u00fcrfen, ist jemand, der uns dazu bringt, das zu tun, wessen wir f\u00e4hig sind.&quot; Ralph Waldo Emerson\",\"publisher\":{\"@id\":\"https:\/\/www.seiltanz-nfe.de\/#\/schema\/person\/ad9e532829f02a0072e2b3a93fe70116\"},\"potentialAction\":[{\"@type\":\"SearchAction\",\"target\":{\"@type\":\"EntryPoint\",\"urlTemplate\":\"https:\/\/www.seiltanz-nfe.de\/?s={search_term_string}\"},\"query-input\":{\"@type\":\"PropertyValueSpecification\",\"valueRequired\":true,\"valueName\":\"search_term_string\"}}],\"inLanguage\":\"de\"},{\"@type\":[\"Person\",\"Organization\"],\"@id\":\"https:\/\/www.seiltanz-nfe.de\/#\/schema\/person\/ad9e532829f02a0072e2b3a93fe70116\",\"name\":\"Marlene\",\"image\":{\"@type\":\"ImageObject\",\"inLanguage\":\"de\",\"@id\":\"https:\/\/www.seiltanz-nfe.de\/#\/schema\/person\/image\/\",\"url\":\"https:\/\/secure.gravatar.com\/avatar\/e10aeb99abca2cd4decf0be3d1a13e9de7b94293439f168f9db131ad6367e571?s=96&d=mm&r=g\",\"contentUrl\":\"https:\/\/secure.gravatar.com\/avatar\/e10aeb99abca2cd4decf0be3d1a13e9de7b94293439f168f9db131ad6367e571?s=96&d=mm&r=g\",\"caption\":\"Marlene\"},\"logo\":{\"@id\":\"https:\/\/www.seiltanz-nfe.de\/#\/schema\/person\/image\/\"},\"sameAs\":[\"https:\/\/seiltanz-nfe.de\"]}]}<\/script>\n<!-- \/ Yoast SEO plugin. -->","yoast_head_json":{"title":"Assistenz f\u00fcr Marlene - Seiltanz - nfe","robots":{"index":"index","follow":"follow","max-snippet":"max-snippet:-1","max-image-preview":"max-image-preview:large","max-video-preview":"max-video-preview:-1"},"canonical":"https:\/\/www.seiltanz-nfe.de\/index.php\/assistenz-fuer-marlene\/","og_locale":"de_DE","og_type":"article","og_title":"Assistenz f\u00fcr Marlene - Seiltanz - nfe","og_description":"Hast Du Lust, einer jungen Frau zu assistieren? Wir haben einen tollen Job f\u00fcr Dich! Ihr dabei zu helfen, ihr selbst-bestimmtes Leben [&hellip;]","og_url":"https:\/\/www.seiltanz-nfe.de\/index.php\/assistenz-fuer-marlene\/","og_site_name":"Seiltanz - nfe","article_modified_time":"2025-11-26T10:13:41+00:00","og_image":[{"width":1810,"height":2560,"url":"https:\/\/www.seiltanz-nfe.de\/wp-content\/uploads\/2025\/01\/Assistenz_01_25-scaled.jpg","type":"image\/jpeg"}],"twitter_card":"summary_large_image","twitter_misc":{"Gesch\u00e4tzte Lesezeit":"1\u00a0Minute"},"schema":{"@context":"https:\/\/schema.org","@graph":[{"@type":"WebPage","@id":"https:\/\/www.seiltanz-nfe.de\/index.php\/assistenz-fuer-marlene\/","url":"https:\/\/www.seiltanz-nfe.de\/index.php\/assistenz-fuer-marlene\/","name":"Assistenz f\u00fcr Marlene - Seiltanz - nfe","isPartOf":{"@id":"https:\/\/www.seiltanz-nfe.de\/#website"},"primaryImageOfPage":{"@id":"https:\/\/www.seiltanz-nfe.de\/index.php\/assistenz-fuer-marlene\/#primaryimage"},"image":{"@id":"https:\/\/www.seiltanz-nfe.de\/index.php\/assistenz-fuer-marlene\/#primaryimage"},"thumbnailUrl":"https:\/\/www.seiltanz-nfe.de\/wp-content\/uploads\/2025\/01\/Assistenz_01_25-724x1024.jpg","datePublished":"2024-06-30T19:11:36+00:00","dateModified":"2025-11-26T10:13:41+00:00","breadcrumb":{"@id":"https:\/\/www.seiltanz-nfe.de\/index.php\/assistenz-fuer-marlene\/#breadcrumb"},"inLanguage":"de","potentialAction":[{"@type":"ReadAction","target":["https:\/\/www.seiltanz-nfe.de\/index.php\/assistenz-fuer-marlene\/"]}]},{"@type":"ImageObject","inLanguage":"de","@id":"https:\/\/www.seiltanz-nfe.de\/index.php\/assistenz-fuer-marlene\/#primaryimage","url":"https:\/\/www.seiltanz-nfe.de\/wp-content\/uploads\/2025\/01\/Assistenz_01_25-scaled.jpg","contentUrl":"https:\/\/www.seiltanz-nfe.de\/wp-content\/uploads\/2025\/01\/Assistenz_01_25-scaled.jpg","width":1810,"height":2560},{"@type":"BreadcrumbList","@id":"https:\/\/www.seiltanz-nfe.de\/index.php\/assistenz-fuer-marlene\/#breadcrumb","itemListElement":[{"@type":"ListItem","position":1,"name":"Startseite","item":"https:\/\/www.seiltanz-nfe.de\/"},{"@type":"ListItem","position":2,"name":"Assistenz f\u00fcr Marlene"}]},{"@type":"WebSite","@id":"https:\/\/www.seiltanz-nfe.de\/#website","url":"https:\/\/www.seiltanz-nfe.de\/","name":"Seiltanz - nfe","description":"&quot;Wessen wir am meisten im Leben bed\u00fcrfen, ist jemand, der uns dazu bringt, das zu tun, wessen wir f\u00e4hig sind.&quot; Ralph Waldo Emerson","publisher":{"@id":"https:\/\/www.seiltanz-nfe.de\/#\/schema\/person\/ad9e532829f02a0072e2b3a93fe70116"},"potentialAction":[{"@type":"SearchAction","target":{"@type":"EntryPoint","urlTemplate":"https:\/\/www.seiltanz-nfe.de\/?s={search_term_string}"},"query-input":{"@type":"PropertyValueSpecification","valueRequired":true,"valueName":"search_term_string"}}],"inLanguage":"de"},{"@type":["Person","Organization"],"@id":"https:\/\/www.seiltanz-nfe.de\/#\/schema\/person\/ad9e532829f02a0072e2b3a93fe70116","name":"Marlene","image":{"@type":"ImageObject","inLanguage":"de","@id":"https:\/\/www.seiltanz-nfe.de\/#\/schema\/person\/image\/","url":"https:\/\/secure.gravatar.com\/avatar\/e10aeb99abca2cd4decf0be3d1a13e9de7b94293439f168f9db131ad6367e571?s=96&d=mm&r=g","contentUrl":"https:\/\/secure.gravatar.com\/avatar\/e10aeb99abca2cd4decf0be3d1a13e9de7b94293439f168f9db131ad6367e571?s=96&d=mm&r=g","caption":"Marlene"},"logo":{"@id":"https:\/\/www.seiltanz-nfe.de\/#\/schema\/person\/image\/"},"sameAs":["https:\/\/seiltanz-nfe.de"]}]}},"_links":{"self":[{"href":"https:\/\/www.seiltanz-nfe.de\/index.php\/wp-json\/wp\/v2\/pages\/358","targetHints":{"allow":["GET"]}}],"collection":[{"href":"https:\/\/www.seiltanz-nfe.de\/index.php\/wp-json\/wp\/v2\/pages"}],"about":[{"href":"https:\/\/www.seiltanz-nfe.de\/index.php\/wp-json\/wp\/v2\/types\/page"}],"author":[{"embeddable":true,"href":"https:\/\/www.seiltanz-nfe.de\/index.php\/wp-json\/wp\/v2\/users\/1"}],"replies":[{"embeddable":true,"href":"https:\/\/www.seiltanz-nfe.de\/index.php\/wp-json\/wp\/v2\/comments?post=358"}],"version-history":[{"count":4,"href":"https:\/\/www.seiltanz-nfe.de\/index.php\/wp-json\/wp\/v2\/pages\/358\/revisions"}],"predecessor-version":[{"id":430,"href":"https:\/\/www.seiltanz-nfe.de\/index.php\/wp-json\/wp\/v2\/pages\/358\/revisions\/430"}],"wp:attachment":[{"href":"https:\/\/www.seiltanz-nfe.de\/index.php\/wp-json\/wp\/v2\/media?parent=358"}],"curies":[{"name":"wp","href":"https:\/\/api.w.org\/{rel}","templated":true}]}}