
{"id":45,"date":"2021-10-25T17:22:48","date_gmt":"2021-10-25T15:22:48","guid":{"rendered":"https:\/\/www.seiltanz-nfe.de\/?page_id=45"},"modified":"2025-11-26T21:42:25","modified_gmt":"2025-11-26T20:42:25","slug":"wie-geht-es-nach-der-schule-weiter","status":"publish","type":"page","link":"https:\/\/www.seiltanz-nfe.de\/","title":{"rendered":"Wie geht es nach der Schule weiter?"},"content":{"rendered":"\n<p><strong>Auf der Suche nach alternativen Wegen<\/strong><\/p>\n\n\n\n<h3 class=\"wp-block-heading\">Eine Familie wagt den Neustart:<\/h3>\n\n\n\n<div class=\"wp-block-columns is-layout-flex wp-container-core-columns-is-layout-28f84493 wp-block-columns-is-layout-flex\">\n<div class=\"wp-block-column has-global-padding is-layout-constrained wp-block-column-is-layout-constrained\">\n<p class=\"has-text-align-left\">Unsere Familie hat vor rund 17 Jahren mit Marlenes Diagnose Rett &#8211; Syndrom den \u201ePfad der Normalit\u00e4t\u201c verlassen. Normal ist f\u00fcr uns, dass wir uns seit dieser Zeit intensiv mit besonderen Themen aus den Bereichen Medizin, Schul &#8211; Sonderp\u00e4dagogik, Jura und Versicherungswesen besch\u00e4ftigen.<\/p>\n<\/div>\n\n\n\n<div class=\"wp-block-column is-layout-flow wp-block-column-is-layout-flow\">\n<figure class=\"wp-block-image size-full is-resized\"><img loading=\"lazy\" decoding=\"async\" width=\"800\" height=\"743\" src=\"https:\/\/www.seiltanz-nfe.de\/wp-content\/uploads\/2025\/11\/m4a.png\" alt=\"\" class=\"wp-image-434\" style=\"width:180px;height:auto\" srcset=\"https:\/\/www.seiltanz-nfe.de\/wp-content\/uploads\/2025\/11\/m4a.png 800w, https:\/\/www.seiltanz-nfe.de\/wp-content\/uploads\/2025\/11\/m4a-300x279.png 300w, https:\/\/www.seiltanz-nfe.de\/wp-content\/uploads\/2025\/11\/m4a-768x713.png 768w, https:\/\/www.seiltanz-nfe.de\/wp-content\/uploads\/2025\/11\/m4a-230x214.png 230w, https:\/\/www.seiltanz-nfe.de\/wp-content\/uploads\/2025\/11\/m4a-350x325.png 350w, https:\/\/www.seiltanz-nfe.de\/wp-content\/uploads\/2025\/11\/m4a-480x446.png 480w\" sizes=\"auto, (max-width: 800px) 100vw, 800px\" \/><\/figure>\n<\/div>\n<\/div>\n\n\n\n<div style=\"height:36px\" aria-hidden=\"true\" class=\"wp-block-spacer\"><\/div>\n\n\n\n<div class=\"wp-block-media-text alignwide is-stacked-on-mobile is-image-fill-element\" style=\"margin-right:0;margin-left:0;padding-right:0;padding-left:0;grid-template-columns:28% auto\"><figure class=\"wp-block-media-text__media\"><img loading=\"lazy\" decoding=\"async\" width=\"1024\" height=\"768\" src=\"https:\/\/www.seiltanz-nfe.de\/wp-content\/uploads\/2021\/12\/100_5838-1024x768.jpg\" alt=\"\" class=\"wp-image-76 size-full\" style=\"object-position:50% 50%\" srcset=\"https:\/\/www.seiltanz-nfe.de\/wp-content\/uploads\/2021\/12\/100_5838-1024x768.jpg 1024w, https:\/\/www.seiltanz-nfe.de\/wp-content\/uploads\/2021\/12\/100_5838-300x225.jpg 300w, https:\/\/www.seiltanz-nfe.de\/wp-content\/uploads\/2021\/12\/100_5838-768x576.jpg 768w, https:\/\/www.seiltanz-nfe.de\/wp-content\/uploads\/2021\/12\/100_5838-1536x1152.jpg 1536w, https:\/\/www.seiltanz-nfe.de\/wp-content\/uploads\/2021\/12\/100_5838-2048x1536.jpg 2048w, https:\/\/www.seiltanz-nfe.de\/wp-content\/uploads\/2021\/12\/100_5838-1600x1200.jpg 1600w\" sizes=\"auto, (max-width: 1024px) 100vw, 1024px\" \/><\/figure><div class=\"wp-block-media-text__content\">\n<p>Marlene wird seit ihrer Einschulung durch eine Schulbegleitung unterst\u00fctzt. Sie sorgt daf\u00fcr, dass Marlenes Kommunikationsger\u00e4t im Unterricht immer richtig positioniert ist, hilft Marlene bei der Bedienung des Talkers, achtet auf Erholungsphasen, hilft ihr bei allen Bereichen des Lebens und Lernens. Zurzeit hat Marlene das gro\u00dfe Gl\u00fcck, eine Logop\u00e4din als Schulbegleitung zu haben. Die Fortschritte, die Marlene in den letzten Schuljahren dadurch macht, sind unglaublich. <\/p>\n<\/div><\/div>\n\n\n\n<div style=\"height:34px\" aria-hidden=\"true\" class=\"wp-block-spacer\"><\/div>\n\n\n\n<p>Marlenes Auszug und der Weg in ein m\u00f6glichst selbstbestimmtes Leben mit einer erf\u00fcllten Tagesstruktur sind nun die Aufgaben, denen wir uns stellen.<\/p>\n\n\n\n<p>F\u00fcr uns ist klar, dass Marlene einen sehr gro\u00dfen Unterst\u00fctzungsbedarf hat, aber sie hat das Recht auf Teilhabe und Selbstbestimmung. Beides sehen wir in den uns bekannten F\u00f6rderst\u00e4tten und \u2013 Pflegewohnheimen nicht gegeben.<\/p>\n\n\n\n<p class=\"has-text-align-left\">Aus den Erfahrungen mit den unterschiedlichen Schulen, die Marlene besucht hat, ist uns bewusst geworden, dass es n\u00f6tig ist, dass wir Eltern uns nun auf einen eigenen \u2013 neuen Weg begeben m\u00fcssen. Wir werden nicht wieder versuchen, bestehende Strukturen zu \u00e4ndern, sondern unsere Energie in eigene, neue Konzepte investieren. Deshalb sind wir auf der Suche nach Eltern im Raum F\u00fcrth, Erlangen, N\u00fcrnberg, die wie wir, neue Wege gehen m\u00f6chten. Die Aufgabe, der wir uns im kommenden Jahr stellen, ist die Frage, wie wir uns gemeinsam mit Marlene die weitere Lebensgestaltung vorstellen und verwirklichen k\u00f6nnen.<\/p>\n\n\n\n<h4 class=\"wp-block-heading\">Dabei sind f\u00fcr uns die zentralen Fragestellungen:<\/h4>\n\n\n\n<p><\/p>\n\n\n\n<p>Wie k\u00f6nnte eine erf\u00fcllte Tagesstruktur f\u00fcr Menschen mit hohem Unterst\u00fctzungsbedarf gestaltet werden?<\/p>\n\n\n\n<p>Wie k\u00f6nnen wir Teilhabe am Arbeitsleben und am \u00f6ffentlichen Leben erm\u00f6glichen?<\/p>\n\n\n\n<p>Welche lebenslangen Bildungsangebote k\u00f6nnen in Anspruch genommen werden?<\/p>\n\n\n\n<div style=\"height:56px\" aria-hidden=\"true\" class=\"wp-block-spacer\"><\/div>\n\n\n\n<figure class=\"wp-block-image aligncenter size-large is-resized\"><img loading=\"lazy\" decoding=\"async\" width=\"1024\" height=\"576\" src=\"https:\/\/www.seiltanz-nfe.de\/wp-content\/uploads\/2021\/10\/WP_20200403_12_20_45_Rich-1024x576.jpg\" alt=\"\" class=\"wp-image-53\" srcset=\"https:\/\/www.seiltanz-nfe.de\/wp-content\/uploads\/2021\/10\/WP_20200403_12_20_45_Rich-1024x576.jpg 1024w, https:\/\/www.seiltanz-nfe.de\/wp-content\/uploads\/2021\/10\/WP_20200403_12_20_45_Rich-300x169.jpg 300w, https:\/\/www.seiltanz-nfe.de\/wp-content\/uploads\/2021\/10\/WP_20200403_12_20_45_Rich-768x432.jpg 768w, https:\/\/www.seiltanz-nfe.de\/wp-content\/uploads\/2021\/10\/WP_20200403_12_20_45_Rich-1536x865.jpg 1536w, https:\/\/www.seiltanz-nfe.de\/wp-content\/uploads\/2021\/10\/WP_20200403_12_20_45_Rich-2048x1153.jpg 2048w, https:\/\/www.seiltanz-nfe.de\/wp-content\/uploads\/2021\/10\/WP_20200403_12_20_45_Rich-1600x901.jpg 1600w\" sizes=\"auto, (max-width: 1024px) 100vw, 1024px\" \/><figcaption class=\"wp-element-caption\">Marlene mit ihrem Talker. <\/figcaption><\/figure>\n\n\n\n<div style=\"height:34px\" aria-hidden=\"true\" class=\"wp-block-spacer\"><\/div>\n\n\n\n<p>Wenn Sie sich ebenfalls wie wir mit diesem Thema besch\u00e4ftigen wollen und evtl. Kinder im jungen Erwachsenenalter haben, f\u00fcr die Sie neue Wege beschreiten wollen, dann w\u00fcrden wir uns auf einen Ideen \u2013 und Erfahrungsaustausch sehr freuen.<\/p>\n\n\n\n<p>Wir freuen uns auf die Zusammenarbeit mit anderen Familien, die nach Alternativen zu den bestehenden F\u00f6rderst\u00e4tten f\u00fcr ihre T\u00f6chter und S\u00f6hne suchen.<\/p>\n\n\n\n<p>Wir w\u00fcrden uns \u00fcber eine Kontaktaufnahme sehr freuen!     <\/p>\n\n\n\n<div style=\"height:32px\" aria-hidden=\"true\" class=\"wp-block-spacer\"><\/div>\n\n\n\n<div class=\"wp-block-buttons alignwide is-horizontal is-content-justification-center is-layout-flex wp-container-core-buttons-is-layout-03627597 wp-block-buttons-is-layout-flex\">\n<div class=\"wp-block-button\"><a class=\"wp-block-button__link wp-element-button\" href=\"mailto:Info@Seiltanz-nfe.de\">Info@Seiltanz-nfe.de<\/a><\/div>\n<\/div>\n\n\n\n<div style=\"height:34px\" aria-hidden=\"true\" class=\"wp-block-spacer\"><\/div>\n\n\n\n<p>Christiane und Ulrich Dieckmann<\/p>\n","protected":false},"excerpt":{"rendered":"<p>Auf der Suche nach alternativen Wegen Eine Familie wagt den Neustart: Unsere Familie hat vor rund 17 Jahren mit Marlenes Diagnose Rett [&hellip;]<\/p>\n","protected":false},"author":1,"featured_media":0,"parent":0,"menu_order":0,"comment_status":"closed","ping_status":"closed","template":"","meta":{"footnotes":""},"class_list":["post-45","page","type-page","status-publish","hentry"],"yoast_head":"<!-- This site is optimized with the Yoast SEO plugin v27.0 - https:\/\/yoast.com\/product\/yoast-seo-wordpress\/ -->\n<title>Wie geht es nach der Schule weiter? - Seiltanz - nfe<\/title>\n<meta name=\"robots\" content=\"index, follow, max-snippet:-1, max-image-preview:large, max-video-preview:-1\" \/>\n<link rel=\"canonical\" href=\"https:\/\/www.seiltanz-nfe.de\/\" \/>\n<meta property=\"og:locale\" content=\"de_DE\" \/>\n<meta property=\"og:type\" content=\"article\" \/>\n<meta property=\"og:title\" content=\"Wie geht es nach der Schule weiter? - Seiltanz - nfe\" \/>\n<meta property=\"og:description\" content=\"Auf der Suche nach alternativen Wegen Eine Familie wagt den Neustart: Unsere Familie hat vor rund 17 Jahren mit Marlenes Diagnose Rett [&hellip;]\" \/>\n<meta property=\"og:url\" content=\"https:\/\/www.seiltanz-nfe.de\/\" \/>\n<meta property=\"og:site_name\" content=\"Seiltanz - nfe\" \/>\n<meta property=\"article:modified_time\" content=\"2025-11-26T20:42:25+00:00\" \/>\n<meta property=\"og:image\" content=\"https:\/\/www.seiltanz-nfe.de\/wp-content\/uploads\/2025\/11\/m4a.png\" \/>\n\t<meta property=\"og:image:width\" content=\"800\" \/>\n\t<meta property=\"og:image:height\" content=\"743\" \/>\n\t<meta property=\"og:image:type\" content=\"image\/png\" \/>\n<meta name=\"twitter:card\" content=\"summary_large_image\" \/>\n<meta name=\"twitter:label1\" content=\"Gesch\u00e4tzte Lesezeit\" \/>\n\t<meta name=\"twitter:data1\" content=\"3\u00a0Minuten\" \/>\n<script type=\"application\/ld+json\" class=\"yoast-schema-graph\">{\"@context\":\"https:\/\/schema.org\",\"@graph\":[{\"@type\":\"WebPage\",\"@id\":\"https:\/\/www.seiltanz-nfe.de\/\",\"url\":\"https:\/\/www.seiltanz-nfe.de\/\",\"name\":\"Wie geht es nach der Schule weiter? - Seiltanz - nfe\",\"isPartOf\":{\"@id\":\"https:\/\/www.seiltanz-nfe.de\/#website\"},\"primaryImageOfPage\":{\"@id\":\"https:\/\/www.seiltanz-nfe.de\/#primaryimage\"},\"image\":{\"@id\":\"https:\/\/www.seiltanz-nfe.de\/#primaryimage\"},\"thumbnailUrl\":\"https:\/\/www.seiltanz-nfe.de\/wp-content\/uploads\/2025\/11\/m4a.png\",\"datePublished\":\"2021-10-25T15:22:48+00:00\",\"dateModified\":\"2025-11-26T20:42:25+00:00\",\"breadcrumb\":{\"@id\":\"https:\/\/www.seiltanz-nfe.de\/#breadcrumb\"},\"inLanguage\":\"de\",\"potentialAction\":[{\"@type\":\"ReadAction\",\"target\":[\"https:\/\/www.seiltanz-nfe.de\/\"]}]},{\"@type\":\"ImageObject\",\"inLanguage\":\"de\",\"@id\":\"https:\/\/www.seiltanz-nfe.de\/#primaryimage\",\"url\":\"https:\/\/www.seiltanz-nfe.de\/wp-content\/uploads\/2025\/11\/m4a.png\",\"contentUrl\":\"https:\/\/www.seiltanz-nfe.de\/wp-content\/uploads\/2025\/11\/m4a.png\",\"width\":800,\"height\":743},{\"@type\":\"BreadcrumbList\",\"@id\":\"https:\/\/www.seiltanz-nfe.de\/#breadcrumb\",\"itemListElement\":[{\"@type\":\"ListItem\",\"position\":1,\"name\":\"Startseite\",\"item\":\"https:\/\/www.seiltanz-nfe.de\/\"},{\"@type\":\"ListItem\",\"position\":2,\"name\":\"Wie geht es nach der Schule weiter?\"}]},{\"@type\":\"WebSite\",\"@id\":\"https:\/\/www.seiltanz-nfe.de\/#website\",\"url\":\"https:\/\/www.seiltanz-nfe.de\/\",\"name\":\"Seiltanz - nfe\",\"description\":\"&quot;Wessen wir am meisten im Leben bed\u00fcrfen, ist jemand, der uns dazu bringt, das zu tun, wessen wir f\u00e4hig sind.&quot; Ralph Waldo Emerson\",\"publisher\":{\"@id\":\"https:\/\/www.seiltanz-nfe.de\/#\/schema\/person\/ad9e532829f02a0072e2b3a93fe70116\"},\"potentialAction\":[{\"@type\":\"SearchAction\",\"target\":{\"@type\":\"EntryPoint\",\"urlTemplate\":\"https:\/\/www.seiltanz-nfe.de\/?s={search_term_string}\"},\"query-input\":{\"@type\":\"PropertyValueSpecification\",\"valueRequired\":true,\"valueName\":\"search_term_string\"}}],\"inLanguage\":\"de\"},{\"@type\":[\"Person\",\"Organization\"],\"@id\":\"https:\/\/www.seiltanz-nfe.de\/#\/schema\/person\/ad9e532829f02a0072e2b3a93fe70116\",\"name\":\"Marlene\",\"image\":{\"@type\":\"ImageObject\",\"inLanguage\":\"de\",\"@id\":\"https:\/\/www.seiltanz-nfe.de\/#\/schema\/person\/image\/\",\"url\":\"https:\/\/secure.gravatar.com\/avatar\/e10aeb99abca2cd4decf0be3d1a13e9de7b94293439f168f9db131ad6367e571?s=96&d=mm&r=g\",\"contentUrl\":\"https:\/\/secure.gravatar.com\/avatar\/e10aeb99abca2cd4decf0be3d1a13e9de7b94293439f168f9db131ad6367e571?s=96&d=mm&r=g\",\"caption\":\"Marlene\"},\"logo\":{\"@id\":\"https:\/\/www.seiltanz-nfe.de\/#\/schema\/person\/image\/\"},\"sameAs\":[\"https:\/\/seiltanz-nfe.de\"]}]}<\/script>\n<!-- \/ Yoast SEO plugin. -->","yoast_head_json":{"title":"Wie geht es nach der Schule weiter? - Seiltanz - nfe","robots":{"index":"index","follow":"follow","max-snippet":"max-snippet:-1","max-image-preview":"max-image-preview:large","max-video-preview":"max-video-preview:-1"},"canonical":"https:\/\/www.seiltanz-nfe.de\/","og_locale":"de_DE","og_type":"article","og_title":"Wie geht es nach der Schule weiter? - Seiltanz - nfe","og_description":"Auf der Suche nach alternativen Wegen Eine Familie wagt den Neustart: Unsere Familie hat vor rund 17 Jahren mit Marlenes Diagnose Rett [&hellip;]","og_url":"https:\/\/www.seiltanz-nfe.de\/","og_site_name":"Seiltanz - nfe","article_modified_time":"2025-11-26T20:42:25+00:00","og_image":[{"width":800,"height":743,"url":"https:\/\/www.seiltanz-nfe.de\/wp-content\/uploads\/2025\/11\/m4a.png","type":"image\/png"}],"twitter_card":"summary_large_image","twitter_misc":{"Gesch\u00e4tzte Lesezeit":"3\u00a0Minuten"},"schema":{"@context":"https:\/\/schema.org","@graph":[{"@type":"WebPage","@id":"https:\/\/www.seiltanz-nfe.de\/","url":"https:\/\/www.seiltanz-nfe.de\/","name":"Wie geht es nach der Schule weiter? - Seiltanz - nfe","isPartOf":{"@id":"https:\/\/www.seiltanz-nfe.de\/#website"},"primaryImageOfPage":{"@id":"https:\/\/www.seiltanz-nfe.de\/#primaryimage"},"image":{"@id":"https:\/\/www.seiltanz-nfe.de\/#primaryimage"},"thumbnailUrl":"https:\/\/www.seiltanz-nfe.de\/wp-content\/uploads\/2025\/11\/m4a.png","datePublished":"2021-10-25T15:22:48+00:00","dateModified":"2025-11-26T20:42:25+00:00","breadcrumb":{"@id":"https:\/\/www.seiltanz-nfe.de\/#breadcrumb"},"inLanguage":"de","potentialAction":[{"@type":"ReadAction","target":["https:\/\/www.seiltanz-nfe.de\/"]}]},{"@type":"ImageObject","inLanguage":"de","@id":"https:\/\/www.seiltanz-nfe.de\/#primaryimage","url":"https:\/\/www.seiltanz-nfe.de\/wp-content\/uploads\/2025\/11\/m4a.png","contentUrl":"https:\/\/www.seiltanz-nfe.de\/wp-content\/uploads\/2025\/11\/m4a.png","width":800,"height":743},{"@type":"BreadcrumbList","@id":"https:\/\/www.seiltanz-nfe.de\/#breadcrumb","itemListElement":[{"@type":"ListItem","position":1,"name":"Startseite","item":"https:\/\/www.seiltanz-nfe.de\/"},{"@type":"ListItem","position":2,"name":"Wie geht es nach der Schule weiter?"}]},{"@type":"WebSite","@id":"https:\/\/www.seiltanz-nfe.de\/#website","url":"https:\/\/www.seiltanz-nfe.de\/","name":"Seiltanz - nfe","description":"&quot;Wessen wir am meisten im Leben bed\u00fcrfen, ist jemand, der uns dazu bringt, das zu tun, wessen wir f\u00e4hig sind.&quot; Ralph Waldo Emerson","publisher":{"@id":"https:\/\/www.seiltanz-nfe.de\/#\/schema\/person\/ad9e532829f02a0072e2b3a93fe70116"},"potentialAction":[{"@type":"SearchAction","target":{"@type":"EntryPoint","urlTemplate":"https:\/\/www.seiltanz-nfe.de\/?s={search_term_string}"},"query-input":{"@type":"PropertyValueSpecification","valueRequired":true,"valueName":"search_term_string"}}],"inLanguage":"de"},{"@type":["Person","Organization"],"@id":"https:\/\/www.seiltanz-nfe.de\/#\/schema\/person\/ad9e532829f02a0072e2b3a93fe70116","name":"Marlene","image":{"@type":"ImageObject","inLanguage":"de","@id":"https:\/\/www.seiltanz-nfe.de\/#\/schema\/person\/image\/","url":"https:\/\/secure.gravatar.com\/avatar\/e10aeb99abca2cd4decf0be3d1a13e9de7b94293439f168f9db131ad6367e571?s=96&d=mm&r=g","contentUrl":"https:\/\/secure.gravatar.com\/avatar\/e10aeb99abca2cd4decf0be3d1a13e9de7b94293439f168f9db131ad6367e571?s=96&d=mm&r=g","caption":"Marlene"},"logo":{"@id":"https:\/\/www.seiltanz-nfe.de\/#\/schema\/person\/image\/"},"sameAs":["https:\/\/seiltanz-nfe.de"]}]}},"_links":{"self":[{"href":"https:\/\/www.seiltanz-nfe.de\/index.php\/wp-json\/wp\/v2\/pages\/45","targetHints":{"allow":["GET"]}}],"collection":[{"href":"https:\/\/www.seiltanz-nfe.de\/index.php\/wp-json\/wp\/v2\/pages"}],"about":[{"href":"https:\/\/www.seiltanz-nfe.de\/index.php\/wp-json\/wp\/v2\/types\/page"}],"author":[{"embeddable":true,"href":"https:\/\/www.seiltanz-nfe.de\/index.php\/wp-json\/wp\/v2\/users\/1"}],"replies":[{"embeddable":true,"href":"https:\/\/www.seiltanz-nfe.de\/index.php\/wp-json\/wp\/v2\/comments?post=45"}],"version-history":[{"count":22,"href":"https:\/\/www.seiltanz-nfe.de\/index.php\/wp-json\/wp\/v2\/pages\/45\/revisions"}],"predecessor-version":[{"id":437,"href":"https:\/\/www.seiltanz-nfe.de\/index.php\/wp-json\/wp\/v2\/pages\/45\/revisions\/437"}],"wp:attachment":[{"href":"https:\/\/www.seiltanz-nfe.de\/index.php\/wp-json\/wp\/v2\/media?parent=45"}],"curies":[{"name":"wp","href":"https:\/\/api.w.org\/{rel}","templated":true}]}}