
{"id":87,"date":"2021-12-25T13:26:09","date_gmt":"2021-12-25T12:26:09","guid":{"rendered":"https:\/\/www.seiltanz-nfe.de\/?page_id=87"},"modified":"2021-12-27T17:56:17","modified_gmt":"2021-12-27T16:56:17","slug":"was-bedeutet-seiltanz-nfe","status":"publish","type":"page","link":"https:\/\/www.seiltanz-nfe.de\/index.php\/was-bedeutet-seiltanz-nfe\/","title":{"rendered":"Was bedeutet Seiltanz-NFE ?"},"content":{"rendered":"\n<p>Seiltanz-NFE ist ein Backronym aus den Bezeichnungen derjenigen Dinge, die wir uns f\u00fcr Marlene w\u00fcnschen:<\/p>\n\n\n\n<p><strong>S &#8211; Selbstbestimmung<\/strong>: Wir w\u00fcnschen uns f\u00fcr Marlene, dass sie ihr Leben selbst in die Hand nehmen kann. Sie soll selbst bestimmen, was sie tun m\u00f6chte, was ihr Spa\u00df macht, und was sie lieber nicht machen m\u00f6chte.<\/p>\n\n\n\n<p><strong>E &#8211; Erwachsen<\/strong>: Marlene soll genau wie jeder andere junge Mensch ins Erwachsenleben eintauchen k\u00f6nnen. Das hei\u00dft, sie soll ihre eigenen Erfahrungen machen. Neue Hobbies und vielleicht auch andere Bed\u00fcrfnisse entwickeln, die sie bisher noch nicht kannte&#8230;<\/p>\n\n\n\n<p><strong>I &#8211; Inklusion<\/strong>: Marlene soll mittendrin sein. Ihr Leben soll sich nicht nur mit anderen Menschen mit Behinderung abspielen. Jeder soll von jedem profitieren und sich auf Augenh\u00f6he begegnen.<\/p>\n\n\n\n<p><strong>L &#8211; Lebensgestaltung<\/strong>: Marlenes Leben soll mit sinnvollen Inhalten, die sie sich aussucht und angeboten bekommt, erf\u00fcllt sein. <\/p>\n\n\n\n<p><strong>T &#8211; Tagesplan<\/strong>: Marlenes Tagesplan soll Struktur in ihren Tagesablauf bringen. Er soll an ihren Interessen, W\u00fcnschen und M\u00f6glichkeiten ausgerichtet sein.<\/p>\n\n\n\n<p><strong>A &#8211; Alltag<\/strong>: Der Alltag soll sich, wie jedem anderen Erwachsenem auch, in die routinierten T\u00e4tigkeiten, die &#8220;Arbeit&#8221; und die Freizeit aufteilen. Marlene soll ihren Verpflichtungen nachkommen, aber auch selbst bestimmen k\u00f6nnen, was sie zum Ausgleich tun m\u00f6chte.<\/p>\n\n\n\n<p><strong>N &#8211; Nachbarschaft<\/strong>: Marlene soll in ihrem sozialen und \u00f6rtlichen Umfeld t\u00e4tig werden. <\/p>\n\n\n\n<p><strong>Z &#8211; Zusammen<\/strong>: Marlene soll auch nicht alleine bleiben: zusammen mit anderen Eltern, weiteren jungen Erwachsenen mit und ggf. ohne Behinderung wollen wir einen Lebensraum gestalten, der f\u00fcr alle erf\u00fcllend ist.<\/p>\n\n\n\n<p><\/p>\n\n\n\n<p><strong>NFE <\/strong>&#8211; steht f\u00fcr die Region N\u00fcrnberg\/F\u00fcrth\/Erlangen.<\/p>\n\n\n\n<p>Wenn Sie mehr \u00fcber uns und unser Projekt erfahren m\u00f6chten, schreiben Sie uns eine Email!<\/p>\n\n\n\n<div class=\"wp-block-buttons is-content-justification-center is-layout-flex wp-block-buttons-is-layout-flex\">\n<div class=\"wp-block-button\"><a class=\"wp-block-button__link\" href=\"mailto:Info@Seiltanz-nfe.de\">Info@Seiltanz-nfe.de<\/a><\/div>\n<\/div>\n","protected":false},"excerpt":{"rendered":"<p>Seiltanz-NFE ist ein Backronym aus den Bezeichnungen derjenigen Dinge, die wir uns f\u00fcr Marlene w\u00fcnschen: S &#8211; Selbstbestimmung: Wir w\u00fcnschen uns f\u00fcr [&hellip;]<\/p>\n","protected":false},"author":1,"featured_media":0,"parent":0,"menu_order":0,"comment_status":"closed","ping_status":"closed","template":"","meta":{"footnotes":""},"class_list":["post-87","page","type-page","status-publish","hentry"],"yoast_head":"<!-- This site is optimized with the Yoast SEO plugin v27.0 - https:\/\/yoast.com\/product\/yoast-seo-wordpress\/ -->\n<title>Was bedeutet Seiltanz-NFE ? - Seiltanz - nfe<\/title>\n<meta name=\"robots\" content=\"index, follow, max-snippet:-1, max-image-preview:large, max-video-preview:-1\" \/>\n<link rel=\"canonical\" href=\"https:\/\/www.seiltanz-nfe.de\/index.php\/was-bedeutet-seiltanz-nfe\/\" \/>\n<meta property=\"og:locale\" content=\"de_DE\" \/>\n<meta property=\"og:type\" content=\"article\" \/>\n<meta property=\"og:title\" content=\"Was bedeutet Seiltanz-NFE ? - Seiltanz - nfe\" \/>\n<meta property=\"og:description\" content=\"Seiltanz-NFE ist ein Backronym aus den Bezeichnungen derjenigen Dinge, die wir uns f\u00fcr Marlene w\u00fcnschen: S &#8211; Selbstbestimmung: Wir w\u00fcnschen uns f\u00fcr [&hellip;]\" \/>\n<meta property=\"og:url\" content=\"https:\/\/www.seiltanz-nfe.de\/index.php\/was-bedeutet-seiltanz-nfe\/\" \/>\n<meta property=\"og:site_name\" content=\"Seiltanz - nfe\" \/>\n<meta property=\"article:modified_time\" content=\"2021-12-27T16:56:17+00:00\" \/>\n<meta name=\"twitter:card\" content=\"summary_large_image\" \/>\n<meta name=\"twitter:label1\" content=\"Gesch\u00e4tzte Lesezeit\" \/>\n\t<meta name=\"twitter:data1\" content=\"1\u00a0Minute\" \/>\n<script type=\"application\/ld+json\" class=\"yoast-schema-graph\">{\"@context\":\"https:\/\/schema.org\",\"@graph\":[{\"@type\":\"WebPage\",\"@id\":\"https:\/\/www.seiltanz-nfe.de\/index.php\/was-bedeutet-seiltanz-nfe\/\",\"url\":\"https:\/\/www.seiltanz-nfe.de\/index.php\/was-bedeutet-seiltanz-nfe\/\",\"name\":\"Was bedeutet Seiltanz-NFE ? - Seiltanz - nfe\",\"isPartOf\":{\"@id\":\"https:\/\/www.seiltanz-nfe.de\/#website\"},\"datePublished\":\"2021-12-25T12:26:09+00:00\",\"dateModified\":\"2021-12-27T16:56:17+00:00\",\"breadcrumb\":{\"@id\":\"https:\/\/www.seiltanz-nfe.de\/index.php\/was-bedeutet-seiltanz-nfe\/#breadcrumb\"},\"inLanguage\":\"de\",\"potentialAction\":[{\"@type\":\"ReadAction\",\"target\":[\"https:\/\/www.seiltanz-nfe.de\/index.php\/was-bedeutet-seiltanz-nfe\/\"]}]},{\"@type\":\"BreadcrumbList\",\"@id\":\"https:\/\/www.seiltanz-nfe.de\/index.php\/was-bedeutet-seiltanz-nfe\/#breadcrumb\",\"itemListElement\":[{\"@type\":\"ListItem\",\"position\":1,\"name\":\"Startseite\",\"item\":\"https:\/\/www.seiltanz-nfe.de\/\"},{\"@type\":\"ListItem\",\"position\":2,\"name\":\"Was bedeutet Seiltanz-NFE ?\"}]},{\"@type\":\"WebSite\",\"@id\":\"https:\/\/www.seiltanz-nfe.de\/#website\",\"url\":\"https:\/\/www.seiltanz-nfe.de\/\",\"name\":\"Seiltanz - nfe\",\"description\":\"&quot;Wessen wir am meisten im Leben bed\u00fcrfen, ist jemand, der uns dazu bringt, das zu tun, wessen wir f\u00e4hig sind.&quot; Ralph Waldo Emerson\",\"publisher\":{\"@id\":\"https:\/\/www.seiltanz-nfe.de\/#\/schema\/person\/ad9e532829f02a0072e2b3a93fe70116\"},\"potentialAction\":[{\"@type\":\"SearchAction\",\"target\":{\"@type\":\"EntryPoint\",\"urlTemplate\":\"https:\/\/www.seiltanz-nfe.de\/?s={search_term_string}\"},\"query-input\":{\"@type\":\"PropertyValueSpecification\",\"valueRequired\":true,\"valueName\":\"search_term_string\"}}],\"inLanguage\":\"de\"},{\"@type\":[\"Person\",\"Organization\"],\"@id\":\"https:\/\/www.seiltanz-nfe.de\/#\/schema\/person\/ad9e532829f02a0072e2b3a93fe70116\",\"name\":\"Marlene\",\"image\":{\"@type\":\"ImageObject\",\"inLanguage\":\"de\",\"@id\":\"https:\/\/www.seiltanz-nfe.de\/#\/schema\/person\/image\/\",\"url\":\"https:\/\/secure.gravatar.com\/avatar\/e10aeb99abca2cd4decf0be3d1a13e9de7b94293439f168f9db131ad6367e571?s=96&d=mm&r=g\",\"contentUrl\":\"https:\/\/secure.gravatar.com\/avatar\/e10aeb99abca2cd4decf0be3d1a13e9de7b94293439f168f9db131ad6367e571?s=96&d=mm&r=g\",\"caption\":\"Marlene\"},\"logo\":{\"@id\":\"https:\/\/www.seiltanz-nfe.de\/#\/schema\/person\/image\/\"},\"sameAs\":[\"https:\/\/seiltanz-nfe.de\"]}]}<\/script>\n<!-- \/ Yoast SEO plugin. -->","yoast_head_json":{"title":"Was bedeutet Seiltanz-NFE ? - Seiltanz - nfe","robots":{"index":"index","follow":"follow","max-snippet":"max-snippet:-1","max-image-preview":"max-image-preview:large","max-video-preview":"max-video-preview:-1"},"canonical":"https:\/\/www.seiltanz-nfe.de\/index.php\/was-bedeutet-seiltanz-nfe\/","og_locale":"de_DE","og_type":"article","og_title":"Was bedeutet Seiltanz-NFE ? - Seiltanz - nfe","og_description":"Seiltanz-NFE ist ein Backronym aus den Bezeichnungen derjenigen Dinge, die wir uns f\u00fcr Marlene w\u00fcnschen: S &#8211; Selbstbestimmung: Wir w\u00fcnschen uns f\u00fcr [&hellip;]","og_url":"https:\/\/www.seiltanz-nfe.de\/index.php\/was-bedeutet-seiltanz-nfe\/","og_site_name":"Seiltanz - nfe","article_modified_time":"2021-12-27T16:56:17+00:00","twitter_card":"summary_large_image","twitter_misc":{"Gesch\u00e4tzte Lesezeit":"1\u00a0Minute"},"schema":{"@context":"https:\/\/schema.org","@graph":[{"@type":"WebPage","@id":"https:\/\/www.seiltanz-nfe.de\/index.php\/was-bedeutet-seiltanz-nfe\/","url":"https:\/\/www.seiltanz-nfe.de\/index.php\/was-bedeutet-seiltanz-nfe\/","name":"Was bedeutet Seiltanz-NFE ? - Seiltanz - nfe","isPartOf":{"@id":"https:\/\/www.seiltanz-nfe.de\/#website"},"datePublished":"2021-12-25T12:26:09+00:00","dateModified":"2021-12-27T16:56:17+00:00","breadcrumb":{"@id":"https:\/\/www.seiltanz-nfe.de\/index.php\/was-bedeutet-seiltanz-nfe\/#breadcrumb"},"inLanguage":"de","potentialAction":[{"@type":"ReadAction","target":["https:\/\/www.seiltanz-nfe.de\/index.php\/was-bedeutet-seiltanz-nfe\/"]}]},{"@type":"BreadcrumbList","@id":"https:\/\/www.seiltanz-nfe.de\/index.php\/was-bedeutet-seiltanz-nfe\/#breadcrumb","itemListElement":[{"@type":"ListItem","position":1,"name":"Startseite","item":"https:\/\/www.seiltanz-nfe.de\/"},{"@type":"ListItem","position":2,"name":"Was bedeutet Seiltanz-NFE ?"}]},{"@type":"WebSite","@id":"https:\/\/www.seiltanz-nfe.de\/#website","url":"https:\/\/www.seiltanz-nfe.de\/","name":"Seiltanz - nfe","description":"&quot;Wessen wir am meisten im Leben bed\u00fcrfen, ist jemand, der uns dazu bringt, das zu tun, wessen wir f\u00e4hig sind.&quot; Ralph Waldo Emerson","publisher":{"@id":"https:\/\/www.seiltanz-nfe.de\/#\/schema\/person\/ad9e532829f02a0072e2b3a93fe70116"},"potentialAction":[{"@type":"SearchAction","target":{"@type":"EntryPoint","urlTemplate":"https:\/\/www.seiltanz-nfe.de\/?s={search_term_string}"},"query-input":{"@type":"PropertyValueSpecification","valueRequired":true,"valueName":"search_term_string"}}],"inLanguage":"de"},{"@type":["Person","Organization"],"@id":"https:\/\/www.seiltanz-nfe.de\/#\/schema\/person\/ad9e532829f02a0072e2b3a93fe70116","name":"Marlene","image":{"@type":"ImageObject","inLanguage":"de","@id":"https:\/\/www.seiltanz-nfe.de\/#\/schema\/person\/image\/","url":"https:\/\/secure.gravatar.com\/avatar\/e10aeb99abca2cd4decf0be3d1a13e9de7b94293439f168f9db131ad6367e571?s=96&d=mm&r=g","contentUrl":"https:\/\/secure.gravatar.com\/avatar\/e10aeb99abca2cd4decf0be3d1a13e9de7b94293439f168f9db131ad6367e571?s=96&d=mm&r=g","caption":"Marlene"},"logo":{"@id":"https:\/\/www.seiltanz-nfe.de\/#\/schema\/person\/image\/"},"sameAs":["https:\/\/seiltanz-nfe.de"]}]}},"_links":{"self":[{"href":"https:\/\/www.seiltanz-nfe.de\/index.php\/wp-json\/wp\/v2\/pages\/87","targetHints":{"allow":["GET"]}}],"collection":[{"href":"https:\/\/www.seiltanz-nfe.de\/index.php\/wp-json\/wp\/v2\/pages"}],"about":[{"href":"https:\/\/www.seiltanz-nfe.de\/index.php\/wp-json\/wp\/v2\/types\/page"}],"author":[{"embeddable":true,"href":"https:\/\/www.seiltanz-nfe.de\/index.php\/wp-json\/wp\/v2\/users\/1"}],"replies":[{"embeddable":true,"href":"https:\/\/www.seiltanz-nfe.de\/index.php\/wp-json\/wp\/v2\/comments?post=87"}],"version-history":[{"count":3,"href":"https:\/\/www.seiltanz-nfe.de\/index.php\/wp-json\/wp\/v2\/pages\/87\/revisions"}],"predecessor-version":[{"id":96,"href":"https:\/\/www.seiltanz-nfe.de\/index.php\/wp-json\/wp\/v2\/pages\/87\/revisions\/96"}],"wp:attachment":[{"href":"https:\/\/www.seiltanz-nfe.de\/index.php\/wp-json\/wp\/v2\/media?parent=87"}],"curies":[{"name":"wp","href":"https:\/\/api.w.org\/{rel}","templated":true}]}}